{"id":2,"date":"2021-10-01T08:16:08","date_gmt":"2021-10-01T08:16:08","guid":{"rendered":"https:\/\/monika.web-work.at\/?page_id=2"},"modified":"2025-10-31T17:42:50","modified_gmt":"2025-10-31T17:42:50","slug":"home","status":"publish","type":"page","link":"https:\/\/leisch-kiesl.com\/en\/","title":{"rendered":"Home"},"content":{"rendered":"<p>[et_pb_section fb_built=&#8220;1&#8243; _builder_version=&#8220;4.16&#8243; background_color=&#8220;RGBA(0,0,0,0)&#8220; background_enable_image=&#8220;off&#8220; global_colors_info=&#8220;{}&#8220;][et_pb_row column_structure=&#8220;3_5,2_5&#8243; make_equal=&#8220;on&#8220; _builder_version=&#8220;4.16&#8243; background_size=&#8220;initial&#8220; background_position=&#8220;top_left&#8220; background_repeat=&#8220;repeat&#8220; global_colors_info=&#8220;{}&#8220;][et_pb_column type=&#8220;3_5&#8243; _builder_version=&#8220;4.16&#8243; custom_padding=&#8220;|||&#8220; custom_css_main_element=&#8220;margin: auto;&#8220; global_colors_info=&#8220;{}&#8220; custom_padding__hover=&#8220;|||&#8220;][et_pb_text _builder_version=&#8220;4.16&#8243; _module_preset=&#8220;default&#8220; header_font=&#8220;Nunito|700|||||||&#8220; custom_padding=&#8220;10px|10px|10px|10px|true|true&#8220; global_colors_info=&#8220;{}&#8220;]<\/p>\n<h1>Monika Leisch-Kiesl<\/h1>\n<p>[\/et_pb_text][et_pb_text _builder_version=&#8220;4.16&#8243; _module_preset=&#8220;default&#8220; header_2_font=&#8220;|700|||||||&#8220; header_2_font_size=&#8220;15px&#8220; background_color=&#8220;#F6F6F6&#8243; custom_padding=&#8220;22px|10px|10px|10px|false|true&#8220; box_shadow_style=&#8220;preset3&#8243; global_colors_info=&#8220;{}&#8220;]<\/p>\n<h2>aufmerksam im Sehen, wach im Empfinden, solide im Denken, innovativ im Reflektieren<\/h2>\n<p>[\/et_pb_text][\/et_pb_column][et_pb_column type=&#8220;2_5&#8243; _builder_version=&#8220;4.16&#8243; custom_padding=&#8220;|||&#8220; custom_css_main_element=&#8220;margin: auto;&#8220; global_colors_info=&#8220;{}&#8220; custom_padding__hover=&#8220;|||&#8220;][et_pb_image src=&#8220;https:\/\/leisch-kiesl.com\/wp-content\/uploads\/2022\/10\/Monika-LK-gm_Sep.2022-1.jpeg&#8220; alt=&#8220;Monika Leisch-Kiesl, portrait 2022&#8243; title_text=&#8220;Monika Leisch-Kiesl, September 2022_Photo: G. Makara&#8220; align=&#8220;right&#8220; _builder_version=&#8220;4.18.1&#8243; _module_preset=&#8220;default&#8220; width=&#8220;80%&#8220; max_width=&#8220;80%&#8220; box_shadow_style=&#8220;preset3&#8243; global_colors_info=&#8220;{}&#8220;][\/et_pb_image][\/et_pb_column][\/et_pb_row][et_pb_row column_structure=&#8220;2_5,3_5&#8243; make_equal=&#8220;on&#8220; _builder_version=&#8220;4.16&#8243; background_size=&#8220;initial&#8220; background_position=&#8220;top_left&#8220; background_repeat=&#8220;repeat&#8220; global_colors_info=&#8220;{}&#8220;][et_pb_column type=&#8220;2_5&#8243; _builder_version=&#8220;4.16&#8243; background_color=&#8220;RGBA(0,0,0,0)&#8220; custom_padding=&#8220;|||&#8220; custom_css_main_element=&#8220;margin: auto;&#8220; global_colors_info=&#8220;{}&#8220; custom_padding__hover=&#8220;|||&#8220;][et_pb_image src=&#8220;https:\/\/leisch-kiesl.com\/wp-content\/uploads\/2023\/12\/Monika-joachim-Tango-Cricoteka_Sep.-2022_Foto-Michal-Sosna_tf.jpg&#8220; alt=&#8220;Monika &#038; Joachim, in the exhibition Tadeusz Kantor, Osobiste, Cricoteka Krak\u00f3w, Sep. 2022&#8243; title_text=&#8220;Tadeusz Kantor, Osobiste, Cricoteka Krak\u00f3w, Sep. 2022&#8243; _builder_version=&#8220;4.23.1&#8243; _module_preset=&#8220;default&#8220; custom_margin=&#8220;||3px|||&#8220; global_colors_info=&#8220;{}&#8220;][\/et_pb_image][\/et_pb_column][et_pb_column type=&#8220;3_5&#8243; _builder_version=&#8220;4.16&#8243; background_color=&#8220;#F6F6F6&#8243; custom_padding=&#8220;|||&#8220; custom_css_main_element=&#8220;margin: auto;&#8220; global_colors_info=&#8220;{}&#8220; custom_padding__hover=&#8220;|||&#8220;][et_pb_text _builder_version=&#8220;4.23.1&#8243; _module_preset=&#8220;default&#8220; custom_padding=&#8220;10px|10px|10px|10px|false|false&#8220; global_colors_info=&#8220;{}&#8220;]<\/p>\n<h3 class=\"fusion-responsive-typography-calculated\" style=\"text-align: left;\" data-fontsize=\"24\" data-lineheight=\"36px\">Erinnerung und Gegenwart<br \/>\nTANZ LINZ und TANGO tauchen ein in das Dickicht von Erinnerung<\/h3>\n<h4 class=\"fusion-responsive-typography-calculated\" data-fontsize=\"24\" data-lineheight=\"36px\">Soir\u00e9e im Landestheater Linz, Schauspielhaus<br \/>\n28. J\u00e4nner 2024, 18.00<\/h4>\n<p>N\u00e4here Info und Karten: <a href=\"https:\/\/www.landestheater-linz.at\/kammerspiele\/stuecke\/detail?ref=5019&amp;spielzeit=2023\/24\" target=\"_blank\" rel=\"noopener\">Memoryhouse<\/a><br \/>\n[\/et_pb_text][\/et_pb_column][\/et_pb_row][et_pb_row column_structure=&#8220;1_4,3_4&#8243; make_equal=&#8220;on&#8220; _builder_version=&#8220;4.16&#8243; background_size=&#8220;initial&#8220; background_position=&#8220;top_left&#8220; background_repeat=&#8220;repeat&#8220; global_colors_info=&#8220;{}&#8220;][et_pb_column type=&#8220;1_4&#8243; _builder_version=&#8220;4.16&#8243; background_color=&#8220;RGBA(0,0,0,0)&#8220; custom_padding=&#8220;|||&#8220; custom_css_main_element=&#8220;margin: auto;&#8220; global_colors_info=&#8220;{}&#8220; custom_padding__hover=&#8220;|||&#8220;][et_pb_image src=&#8220;https:\/\/leisch-kiesl.com\/wp-content\/uploads\/2024\/10\/VFMK_Two-Cities_Cover.jpeg&#8220; title_text=&#8220;VFMK_Two-Cities_Cover&#8220; _builder_version=&#8220;4.27.0&#8243; _module_preset=&#8220;default&#8220; global_colors_info=&#8220;{}&#8220;][\/et_pb_image][\/et_pb_column][et_pb_column type=&#8220;3_4&#8243; _builder_version=&#8220;4.16&#8243; background_color=&#8220;#F6F6F6&#8243; custom_padding=&#8220;|||&#8220; custom_css_main_element=&#8220;margin: auto;&#8220; global_colors_info=&#8220;{}&#8220; custom_padding__hover=&#8220;|||&#8220;][et_pb_text _builder_version=&#8220;4.27.4&#8243; _module_preset=&#8220;default&#8220; custom_padding=&#8220;10px|10px|10px|10px|false|false&#8220; hover_enabled=&#8220;0&#8243; global_colors_info=&#8220;{}&#8220; sticky_enabled=&#8220;0&#8243;]<\/p>\n<h3>TWO CITIES: An Aesthetic Approach to Ethical Responsibility. A comparative study of selected works by Irena Lagator Pejovi\u0107 and Christine de Pizan<\/h3>\n<p>Verlag f\u00fcr moderne Kunst, September 2024<\/p>\n<p><a title=\"Kommentare, Rezensionen, Talks\" href=\"https:\/\/leisch-kiesl.com\/project\/die-dame-vernunft-und-das-schreiben-von-geschichte\/?et_fb=1&amp;PageSpeed=off\" target=\"_blank\" rel=\"noopener\"><strong><\/strong><\/a><a href=\"https:\/\/leisch-kiesl.com\/project\/two-cities\/\" target=\"_blank\" rel=\"noopener\"><strong>Kommentare, Rezensionen, Talks<\/strong><\/a><br \/><a href=\"https:\/\/leisch-kiesl.com\/wp-content\/uploads\/2024\/10\/TWO-CITIES_Ankuendigung_layout_fin.pdf\" target=\"_blank\" rel=\"noopener\">n\u00e4here Informationen<\/a><a title=\"Buchpr\u00e4sentation online\" href=\"https:\/\/www.youtube.com\/watch?v=8nCom283jYY\" target=\"_blank\" rel=\"noopener\"><\/a><br \/><a href=\"https:\/\/www.vfmk.org\/books\/two-cities\" target=\"_blank\" rel=\"noopener\">zur Bestellung<\/a><\/p>\n<p>[\/et_pb_text][\/et_pb_column][\/et_pb_row][et_pb_row column_structure=&#8220;1_4,3_4&#8243; make_equal=&#8220;on&#8220; _builder_version=&#8220;4.16&#8243; background_size=&#8220;initial&#8220; background_position=&#8220;top_left&#8220; background_repeat=&#8220;repeat&#8220; global_colors_info=&#8220;{}&#8220;][et_pb_column type=&#8220;1_4&#8243; _builder_version=&#8220;4.16&#8243; background_color=&#8220;RGBA(0,0,0,0)&#8220; custom_padding=&#8220;|||&#8220; custom_css_main_element=&#8220;margin: auto;&#8220; global_colors_info=&#8220;{}&#8220; custom_padding__hover=&#8220;|||&#8220;][et_pb_image src=&#8220;https:\/\/leisch-kiesl.com\/wp-content\/uploads\/2021\/10\/CdeP_Cover_D-scaled.jpg&#8220; title_text=&#8220;CdeP_Cover_D&#8220; _builder_version=&#8220;4.16&#8243; _module_preset=&#8220;default&#8220; global_colors_info=&#8220;{}&#8220;][\/et_pb_image][\/et_pb_column][et_pb_column type=&#8220;3_4&#8243; _builder_version=&#8220;4.16&#8243; background_color=&#8220;#F6F6F6&#8243; custom_padding=&#8220;|||&#8220; custom_css_main_element=&#8220;margin: auto;&#8220; global_colors_info=&#8220;{}&#8220; custom_padding__hover=&#8220;|||&#8220;][et_pb_text _builder_version=&#8220;4.16&#8243; _module_preset=&#8220;default&#8220; custom_padding=&#8220;10px|10px|10px|10px|false|false&#8220; global_colors_info=&#8220;{}&#8220;]<\/p>\n<h3>Die Dame Vernunft und das Schreiben von Geschichte, 2021<\/h3>\n<p>Olms, September 2021<\/p>\n<p><a title=\"Kommentare, Rezensionen, Talks\" href=\"https:\/\/leisch-kiesl.com\/project\/die-dame-vernunft-und-das-schreiben-von-geschichte\/?et_fb=1&amp;PageSpeed=off\" target=\"_blank\" rel=\"noopener\"><strong>Kommentare, Rezensionen, Talks<\/strong><\/a><br \/>\n<a href=\"\/wp-content\/uploads\/2021\/12\/CdeP_Flyer_D.pdf\" target=\"_blank\" rel=\"noopener\">n\u00e4here Informationen<\/a><br \/>\n<a title=\"Buchpr\u00e4sentation online\" href=\"https:\/\/www.youtube.com\/watch?v=8nCom283jYY\" target=\"_blank\" rel=\"noopener\">Buchpr\u00e4sentation online<\/a><br \/>\n<a href=\"https:\/\/www.olms.de\/search\/Detail.aspx?pr=2010043\" target=\"_blank\" rel=\"noopener\">zur Bestellung<\/a><br \/>\n[\/et_pb_text][\/et_pb_column][\/et_pb_row][et_pb_row column_structure=&#8220;1_4,3_4&#8243; make_equal=&#8220;on&#8220; _builder_version=&#8220;4.16&#8243; background_size=&#8220;initial&#8220; background_position=&#8220;top_left&#8220; background_repeat=&#8220;repeat&#8220; global_colors_info=&#8220;{}&#8220;][et_pb_column type=&#8220;1_4&#8243; _builder_version=&#8220;4.16&#8243; background_color=&#8220;RGBA(0,0,0,0)&#8220; custom_padding=&#8220;|||&#8220; custom_css_main_element=&#8220;margin: auto;&#8220; global_colors_info=&#8220;{}&#8220; custom_padding__hover=&#8220;|||&#8220;][et_pb_image src=&#8220;https:\/\/leisch-kiesl.com\/wp-content\/uploads\/2021\/10\/ZeichenSetzung-I-BildWahrnehmung-e1512739028753-scaled.jpeg&#8220; title_text=&#8220;ZeichenSetzung-I-BildWahrnehmung&#8220; _builder_version=&#8220;4.16&#8243; _module_preset=&#8220;default&#8220; global_colors_info=&#8220;{}&#8220;][\/et_pb_image][\/et_pb_column][et_pb_column type=&#8220;3_4&#8243; _builder_version=&#8220;4.16&#8243; background_color=&#8220;#F6F6F6&#8243; custom_padding=&#8220;|||&#8220; custom_css_main_element=&#8220;margin: auto;&#8220; global_colors_info=&#8220;{}&#8220; custom_padding__hover=&#8220;|||&#8220;][et_pb_text _builder_version=&#8220;4.18.0&#8243; _module_preset=&#8220;default&#8220; custom_padding=&#8220;10px|10px|10px|10px|false|false&#8220; global_colors_info=&#8220;{}&#8220;]<\/p>\n<h3>ZeichenSetzung | Bild Wahrnehmung, 2016<\/h3>\n<p><strong><a title=\"Kommentare, Rezensionen, Talks\" href=\"\/zeichensetzung\/\" target=\"_blank\" rel=\"noopener\">Kommentare, Rezensionen, Talks<\/a><br \/>\n<\/strong><a href=\"\/wp-content\/uploads\/2022\/01\/Leisch-Kiesl-Monika_Evoking-a-Sign_appetizer.pdf\" target=\"_blank\" rel=\"noopener\">Appetizer (2018) online<\/a><br \/>\n<a href=\"https:\/\/vfmk.org\/de\/shop\/making-a-mark-i-perceiving-an-image-toba-khedoori-drawn-painting\" target=\"_blank\" rel=\"noopener\">zur Bestellung Print-Verison<\/a><br \/>\n<a href=\"\/wp-content\/uploads\/2021\/10\/Monika-Leisch-Kiesl-Evoking-a-Sign_ePDF_order.pdf\" target=\"_blank\" rel=\"noopener\">zur Bestellung PDF-Version<\/a><br \/>\n[\/et_pb_text][\/et_pb_column][\/et_pb_row][et_pb_row column_structure=&#8220;1_4,3_4&#8243; make_equal=&#8220;on&#8220; _builder_version=&#8220;4.16&#8243; background_size=&#8220;initial&#8220; background_position=&#8220;top_left&#8220; background_repeat=&#8220;repeat&#8220; global_colors_info=&#8220;{}&#8220;][et_pb_column type=&#8220;1_4&#8243; _builder_version=&#8220;4.16&#8243; background_color=&#8220;RGBA(0,0,0,0)&#8220; custom_padding=&#8220;|||&#8220; custom_css_main_element=&#8220;margin: auto;&#8220; global_colors_info=&#8220;{}&#8220; custom_padding__hover=&#8220;|||&#8220;][et_pb_image src=&#8220;https:\/\/leisch-kiesl.com\/wp-content\/uploads\/2021\/10\/ZEICHNEN.-SETZEN._sonderedition_tf-scaled.jpeg&#8220; title_text=&#8220;ZEICHNEN.-SETZEN._sonderedition_tf&#8220; _builder_version=&#8220;4.16&#8243; _module_preset=&#8220;default&#8220; global_colors_info=&#8220;{}&#8220;][\/et_pb_image][\/et_pb_column][et_pb_column type=&#8220;3_4&#8243; _builder_version=&#8220;4.16&#8243; background_color=&#8220;#F6F6F6&#8243; custom_padding=&#8220;|||&#8220; custom_css_main_element=&#8220;margin: auto;&#8220; global_colors_info=&#8220;{}&#8220; custom_padding__hover=&#8220;|||&#8220;][et_pb_text _builder_version=&#8220;4.18.1&#8243; _module_preset=&#8220;default&#8220; custom_padding=&#8220;15px|15px|15px|15px|false|false&#8220; global_colors_info=&#8220;{}&#8220;]<\/p>\n<h4>Sonderedition<\/h4>\n<h3><strong>ZEICH(N)EN. SETZEN.<\/strong><\/h3>\n<h4><strong>hg. von Monika Leisch-Kiesl<br \/>\n<\/strong><strong>mit Zeichnungen von Maria Bussmann<\/strong><\/h4>\n<p><strong><a href=\"\/zeichnen-setzen\/\" target=\"_blank\" rel=\"noopener\">Kommentare, Rezensionen, Talks<\/a><br \/>\n<a href=\"https:\/\/leisch-kiesl.com\/wp-content\/uploads\/2022\/10\/Sonderedition_Special-Edition_ZEICHNEN.-SETZEN.-Bestellung_to-order.pdf\" target=\"_blank\" rel=\"noopener\">N\u00e4here Informationen und Bestellung<\/a><\/strong><br \/>\n[\/et_pb_text][\/et_pb_column][\/et_pb_row][\/et_pb_section]<\/p>\n","protected":false},"excerpt":{"rendered":"<p>Monika Leisch-Kiesl aufmerksam im Sehen, wach im Empfinden, solide im Denken, innovativ im Reflektieren Erinnerung und Gegenwart TANZ LINZ und TANGO tauchen ein in das Dickicht von Erinnerung Soir\u00e9e im Landestheater Linz, Schauspielhaus 28. J\u00e4nner 2024, 18.00 N\u00e4here Info und Karten: Memoryhouse TWO CITIES: An Aesthetic Approach to Ethical Responsibility. A comparative study of selected [&hellip;]<\/p>\n","protected":false},"author":1,"featured_media":1262,"parent":0,"menu_order":1,"comment_status":"closed","ping_status":"closed","template":"","meta":{"_et_pb_use_builder":"on","_et_pb_old_content":"<!-- wp:paragraph -->\r\n<p>This is an example page. It's different from a blog post because it will stay in one place and will show up in your site navigation (in most themes). Most people start with an About page that introduces them to potential site visitors. It might say something like this:<\/p>\r\n<!-- \/wp:paragraph --><!-- wp:quote -->\r\n<blockquote class=\"wp-block-quote\">\r\n<p>Hi there! I'm a bike messenger by day, aspiring actor by night, and this is my website. I live in Los Angeles, have a great dog named Jack, and I like pi\u00f1a coladas. (And gettin' caught in the rain.)<\/p>\r\n<\/blockquote>\r\n<!-- \/wp:quote --><!-- wp:paragraph -->\r\n<p>...or something like this:<\/p>\r\n<!-- \/wp:paragraph --><!-- wp:quote -->\r\n<blockquote class=\"wp-block-quote\">\r\n<p>The XYZ Doohickey Company was founded in 1971, and has been providing quality doohickeys to the public ever since. Located in Gotham City, XYZ employs over 2,000 people and does all kinds of awesome things for the Gotham community.<\/p>\r\n<\/blockquote>\r\n<!-- \/wp:quote --><!-- wp:paragraph -->\r\n<p>As a new WordPress user, you should go to <a href=\"https:\/\/leisch-kiesl.com\/wp-admin\/\">your dashboard<\/a> to delete this page and create new pages for your content. Have fun!<\/p>\r\n<!-- \/wp:paragraph -->","_et_gb_content_width":"","footnotes":""},"dipi_cpt_category":[],"class_list":["post-2","page","type-page","status-publish","has-post-thumbnail","hentry"],"yoast_head":"<!-- This site is optimized with the Yoast SEO plugin v27.4 - https:\/\/yoast.com\/product\/yoast-seo-wordpress\/ -->\n<title>Home - Monika Leisch-Kiesl<\/title>\n<meta name=\"description\" content=\"Monika Leisch-Kiesl - \u00f6sterreichische Kunsthistorikerin. Aufmerksam im Sehen, wach im Empfinden, solide im Denken, innovativ im Reflektieren\" \/>\n<meta name=\"robots\" content=\"index, follow, max-snippet:-1, max-image-preview:large, max-video-preview:-1\" \/>\n<link rel=\"canonical\" href=\"https:\/\/leisch-kiesl.com\/en\/\" \/>\n<meta property=\"og:locale\" content=\"en_GB\" \/>\n<meta property=\"og:type\" content=\"article\" \/>\n<meta property=\"og:title\" content=\"Home - Monika Leisch-Kiesl\" \/>\n<meta property=\"og:description\" content=\"Monika Leisch-Kiesl - \u00f6sterreichische Kunsthistorikerin. Aufmerksam im Sehen, wach im Empfinden, solide im Denken, innovativ im Reflektieren\" \/>\n<meta property=\"og:url\" content=\"https:\/\/leisch-kiesl.com\/en\/\" \/>\n<meta property=\"og:site_name\" content=\"Monika Leisch-Kiesl\" \/>\n<meta property=\"article:modified_time\" content=\"2025-10-31T17:42:50+00:00\" \/>\n<meta property=\"og:image\" content=\"https:\/\/leisch-kiesl.com\/wp-content\/uploads\/2022\/10\/Monika-LK-gm_Sep.2022-1.jpeg\" \/>\n\t<meta property=\"og:image:width\" content=\"786\" \/>\n\t<meta property=\"og:image:height\" content=\"1060\" \/>\n\t<meta property=\"og:image:type\" content=\"image\/jpeg\" \/>\n<meta name=\"twitter:card\" content=\"summary_large_image\" \/>\n<meta name=\"twitter:label1\" content=\"Estimated reading time\" \/>\n\t<meta name=\"twitter:data1\" content=\"5 minutes\" \/>\n<script type=\"application\/ld+json\" class=\"yoast-schema-graph\">{\"@context\":\"https:\\\/\\\/schema.org\",\"@graph\":[{\"@type\":\"WebPage\",\"@id\":\"https:\\\/\\\/leisch-kiesl.com\\\/\",\"url\":\"https:\\\/\\\/leisch-kiesl.com\\\/\",\"name\":\"Home - Monika Leisch-Kiesl\",\"isPartOf\":{\"@id\":\"https:\\\/\\\/leisch-kiesl.com\\\/#website\"},\"primaryImageOfPage\":{\"@id\":\"https:\\\/\\\/leisch-kiesl.com\\\/#primaryimage\"},\"image\":{\"@id\":\"https:\\\/\\\/leisch-kiesl.com\\\/#primaryimage\"},\"thumbnailUrl\":\"https:\\\/\\\/leisch-kiesl.com\\\/wp-content\\\/uploads\\\/2022\\\/10\\\/Monika-LK-gm_Sep.2022-1.jpeg\",\"datePublished\":\"2021-10-01T08:16:08+00:00\",\"dateModified\":\"2025-10-31T17:42:50+00:00\",\"description\":\"Monika Leisch-Kiesl - \u00f6sterreichische Kunsthistorikerin. Aufmerksam im Sehen, wach im Empfinden, solide im Denken, innovativ im Reflektieren\",\"breadcrumb\":{\"@id\":\"https:\\\/\\\/leisch-kiesl.com\\\/#breadcrumb\"},\"inLanguage\":\"en-GB\",\"potentialAction\":[{\"@type\":\"ReadAction\",\"target\":[\"https:\\\/\\\/leisch-kiesl.com\\\/\"]}]},{\"@type\":\"ImageObject\",\"inLanguage\":\"en-GB\",\"@id\":\"https:\\\/\\\/leisch-kiesl.com\\\/#primaryimage\",\"url\":\"https:\\\/\\\/leisch-kiesl.com\\\/wp-content\\\/uploads\\\/2022\\\/10\\\/Monika-LK-gm_Sep.2022-1.jpeg\",\"contentUrl\":\"https:\\\/\\\/leisch-kiesl.com\\\/wp-content\\\/uploads\\\/2022\\\/10\\\/Monika-LK-gm_Sep.2022-1.jpeg\",\"width\":786,\"height\":1060,\"caption\":\"Monika Leisch-Kiesl, Cricoteka Krak\u00f3w, September 2022_Photo: G. Makara\"},{\"@type\":\"BreadcrumbList\",\"@id\":\"https:\\\/\\\/leisch-kiesl.com\\\/#breadcrumb\",\"itemListElement\":[{\"@type\":\"ListItem\",\"position\":1,\"name\":\"Startseite\",\"item\":\"https:\\\/\\\/leisch-kiesl.com\\\/\"},{\"@type\":\"ListItem\",\"position\":2,\"name\":\"Home\"}]},{\"@type\":\"WebSite\",\"@id\":\"https:\\\/\\\/leisch-kiesl.com\\\/#website\",\"url\":\"https:\\\/\\\/leisch-kiesl.com\\\/\",\"name\":\"Monika Leisch-Kiesl\",\"description\":\"\",\"potentialAction\":[{\"@type\":\"SearchAction\",\"target\":{\"@type\":\"EntryPoint\",\"urlTemplate\":\"https:\\\/\\\/leisch-kiesl.com\\\/?s={search_term_string}\"},\"query-input\":{\"@type\":\"PropertyValueSpecification\",\"valueRequired\":true,\"valueName\":\"search_term_string\"}}],\"inLanguage\":\"en-GB\"}]}<\/script>\n<!-- \/ Yoast SEO plugin. -->","yoast_head_json":{"title":"Home - Monika Leisch-Kiesl","description":"Monika Leisch-Kiesl - \u00f6sterreichische Kunsthistorikerin. Aufmerksam im Sehen, wach im Empfinden, solide im Denken, innovativ im Reflektieren","robots":{"index":"index","follow":"follow","max-snippet":"max-snippet:-1","max-image-preview":"max-image-preview:large","max-video-preview":"max-video-preview:-1"},"canonical":"https:\/\/leisch-kiesl.com\/en\/","og_locale":"en_GB","og_type":"article","og_title":"Home - Monika Leisch-Kiesl","og_description":"Monika Leisch-Kiesl - \u00f6sterreichische Kunsthistorikerin. Aufmerksam im Sehen, wach im Empfinden, solide im Denken, innovativ im Reflektieren","og_url":"https:\/\/leisch-kiesl.com\/en\/","og_site_name":"Monika Leisch-Kiesl","article_modified_time":"2025-10-31T17:42:50+00:00","og_image":[{"width":786,"height":1060,"url":"https:\/\/leisch-kiesl.com\/wp-content\/uploads\/2022\/10\/Monika-LK-gm_Sep.2022-1.jpeg","type":"image\/jpeg"}],"twitter_card":"summary_large_image","twitter_misc":{"Estimated reading time":"5 minutes"},"schema":{"@context":"https:\/\/schema.org","@graph":[{"@type":"WebPage","@id":"https:\/\/leisch-kiesl.com\/","url":"https:\/\/leisch-kiesl.com\/","name":"Home - Monika Leisch-Kiesl","isPartOf":{"@id":"https:\/\/leisch-kiesl.com\/#website"},"primaryImageOfPage":{"@id":"https:\/\/leisch-kiesl.com\/#primaryimage"},"image":{"@id":"https:\/\/leisch-kiesl.com\/#primaryimage"},"thumbnailUrl":"https:\/\/leisch-kiesl.com\/wp-content\/uploads\/2022\/10\/Monika-LK-gm_Sep.2022-1.jpeg","datePublished":"2021-10-01T08:16:08+00:00","dateModified":"2025-10-31T17:42:50+00:00","description":"Monika Leisch-Kiesl - \u00f6sterreichische Kunsthistorikerin. Aufmerksam im Sehen, wach im Empfinden, solide im Denken, innovativ im Reflektieren","breadcrumb":{"@id":"https:\/\/leisch-kiesl.com\/#breadcrumb"},"inLanguage":"en-GB","potentialAction":[{"@type":"ReadAction","target":["https:\/\/leisch-kiesl.com\/"]}]},{"@type":"ImageObject","inLanguage":"en-GB","@id":"https:\/\/leisch-kiesl.com\/#primaryimage","url":"https:\/\/leisch-kiesl.com\/wp-content\/uploads\/2022\/10\/Monika-LK-gm_Sep.2022-1.jpeg","contentUrl":"https:\/\/leisch-kiesl.com\/wp-content\/uploads\/2022\/10\/Monika-LK-gm_Sep.2022-1.jpeg","width":786,"height":1060,"caption":"Monika Leisch-Kiesl, Cricoteka Krak\u00f3w, September 2022_Photo: G. Makara"},{"@type":"BreadcrumbList","@id":"https:\/\/leisch-kiesl.com\/#breadcrumb","itemListElement":[{"@type":"ListItem","position":1,"name":"Startseite","item":"https:\/\/leisch-kiesl.com\/"},{"@type":"ListItem","position":2,"name":"Home"}]},{"@type":"WebSite","@id":"https:\/\/leisch-kiesl.com\/#website","url":"https:\/\/leisch-kiesl.com\/","name":"Monika Leisch-Kiesl","description":"","potentialAction":[{"@type":"SearchAction","target":{"@type":"EntryPoint","urlTemplate":"https:\/\/leisch-kiesl.com\/?s={search_term_string}"},"query-input":{"@type":"PropertyValueSpecification","valueRequired":true,"valueName":"search_term_string"}}],"inLanguage":"en-GB"}]}},"_links":{"self":[{"href":"https:\/\/leisch-kiesl.com\/en\/wp-json\/wp\/v2\/pages\/2","targetHints":{"allow":["GET"]}}],"collection":[{"href":"https:\/\/leisch-kiesl.com\/en\/wp-json\/wp\/v2\/pages"}],"about":[{"href":"https:\/\/leisch-kiesl.com\/en\/wp-json\/wp\/v2\/types\/page"}],"author":[{"embeddable":true,"href":"https:\/\/leisch-kiesl.com\/en\/wp-json\/wp\/v2\/users\/1"}],"replies":[{"embeddable":true,"href":"https:\/\/leisch-kiesl.com\/en\/wp-json\/wp\/v2\/comments?post=2"}],"version-history":[{"count":37,"href":"https:\/\/leisch-kiesl.com\/en\/wp-json\/wp\/v2\/pages\/2\/revisions"}],"predecessor-version":[{"id":1827,"href":"https:\/\/leisch-kiesl.com\/en\/wp-json\/wp\/v2\/pages\/2\/revisions\/1827"}],"wp:featuredmedia":[{"embeddable":true,"href":"https:\/\/leisch-kiesl.com\/en\/wp-json\/wp\/v2\/media\/1262"}],"wp:attachment":[{"href":"https:\/\/leisch-kiesl.com\/en\/wp-json\/wp\/v2\/media?parent=2"}],"wp:term":[{"taxonomy":"dipi_cpt_category","embeddable":true,"href":"https:\/\/leisch-kiesl.com\/en\/wp-json\/wp\/v2\/dipi_cpt_category?post=2"}],"curies":[{"name":"wp","href":"https:\/\/api.w.org\/{rel}","templated":true}]}}