{"id":62,"date":"2021-10-01T15:27:06","date_gmt":"2021-10-01T15:27:06","guid":{"rendered":"https:\/\/monika.web-work.at\/?page_id=62"},"modified":"2022-01-27T14:16:06","modified_gmt":"2022-01-27T14:16:06","slug":"journals","status":"publish","type":"page","link":"https:\/\/leisch-kiesl.com\/en\/publikationen\/zeitschriften\/","title":{"rendered":"Journals"},"content":{"rendered":"<p>[et_pb_section fb_built=&#8220;1&#8243; _builder_version=&#8220;4.11.1&#8243; background_color=&#8220;RGBA(0,0,0,0)&#8220; background_enable_image=&#8220;off&#8220; custom_css_main_element=&#8220;background-attachment: fixed;&#8220; global_colors_info=&#8220;{}&#8220;][et_pb_row make_equal=&#8220;on&#8220; _builder_version=&#8220;4.11.0&#8243; background_size=&#8220;initial&#8220; background_position=&#8220;top_left&#8220; background_repeat=&#8220;repeat&#8220; global_colors_info=&#8220;{}&#8220;][et_pb_column type=&#8220;4_4&#8243; _builder_version=&#8220;4.11.0&#8243; background_color=&#8220;RGBA(0,0,0,0)&#8220; custom_padding=&#8220;|||&#8220; custom_css_main_element=&#8220;margin: auto;&#8220; global_colors_info=&#8220;{}&#8220; custom_padding__hover=&#8220;|||&#8220;][et_pb_text _builder_version=&#8220;4.11.1&#8243; _module_preset=&#8220;default&#8220; global_colors_info=&#8220;{}&#8220;]<\/p>\n<h1>kunst und kirche. Zeitschrift f\u00fcr Kritik, \u00c4sthetik und Religion<\/h1>\n<p>[\/et_pb_text][et_pb_accordion open_toggle_background_color=&#8220;#F6F6F6&#8243; closed_toggle_background_color=&#8220;#F6F6F6&#8243; icon_color=&#8220;#EED158&#8243; use_icon_font_size=&#8220;on&#8220; icon_font_size=&#8220;19px&#8220; _builder_version=&#8220;4.11.1&#8243; _module_preset=&#8220;default&#8220; toggle_font=&#8220;|700|||||||&#8220; global_colors_info=&#8220;{}&#8220;][et_pb_accordion_item title=&#8220;empty&#8220; open=&#8220;on&#8220; icon_color=&#8220;#333333&#8243; _builder_version=&#8220;4.11.0&#8243; _module_preset=&#8220;default&#8220; custom_css_main_element=&#8220;display: none;&#8220; global_colors_info=&#8220;{}&#8220;]<\/p>\n<p>empty<\/p>\n<p>[\/et_pb_accordion_item][et_pb_accordion_item title=&#8220;kuki 80 (4\/2017): Megaevents. daneben und danach&#8220; _builder_version=&#8220;4.11.1&#8243; _module_preset=&#8220;default&#8220; global_colors_info=&#8220;{}&#8220; open=&#8220;off&#8220;]<\/p>\n<p>Kaum ein Jahr war derma\u00dfen von<span>\u00a0<\/span><em>Megaevents<span>\u00a0<\/span><\/em>der Kunst gepr\u00e4gt wie 2017: documenta 14 in Kassel und Athen, Skulptur Projekte M\u00fcnster, Biennale Venedig, Reformationsjubil\u00e4um \u2013 um nur die wichtigsten Ereignisse, insbesondere des (zentral-)europ\u00e4ischen Raums zu nennen. \u2026\u00a0<i>kunst und kirche<span>\u00a0<\/span><\/i>kommt<span>\u00a0<\/span><em>danach<\/em>, nachdem die Ausstellungshallen geschlossen sind, der Stadtraum wieder aufger\u00e4umt ist, die K\u00fcnstlerinnen abgereist sind, die Kuratoren verstummt sind und Bilanzen gezogen wurden.<span>\u00a0<\/span><em>kunst und kirche<span>\u00a0<\/span><\/em>sieht<span>\u00a0<\/span><em>daneben<span>\u00a0<\/span><\/em>und fragt nach den ausgefransten R\u00e4ndern. Exklusiv f\u00fcr dieses Heft wurde eine Fotok\u00fcnstlerin beauftragt, Randzonen und Nebenschaupl\u00e4tze zu dokumentieren. Georgia Kotretsos \u2026<\/p>\n<p>zur Ausgabe<span>\u00a0<\/span><a href=\"http:\/\/www.kunstundkirche.com\/hefte\/megaevents\" target=\"_blank\" rel=\"noopener noreferrer\">Megaevents. daneben und danach\u00a0<\/a><\/p>\n<p>[\/et_pb_accordion_item][et_pb_accordion_item title=&#8220; kuki 77 (4\/2014): kunst forscht&#8220; _builder_version=&#8220;4.11.1&#8243; _module_preset=&#8220;default&#8220; global_colors_info=&#8220;{}&#8220; open=&#8220;off&#8220;]<\/p>\n<p>red. gem. m. Hannes Langbein<\/p>\n<p>Ist Kunst eine Forschungspraxis? Lassen sich die K\u00fcnste als eine eigene Form des Denkens verstehen? Bergen sie eine eigene Form des Wissens?<br \/>Die Fragen sind nicht neu: Sp\u00e4testens seit dem 18. Jahrhundert steht die Frage im Raum, ob es neben Vernunft- und Verstandeserkenntnis auch eine sinnliche Form der Erkenntnis geben k\u00f6nne. \u2013 Seit etwa 15 Jahren haben sie jedoch eine neue Dimension entwickelt: Denn seit die \u00abBologna-Reform\u00bb des Hochschulsystems den Ma\u00dfstab der Wissenschaftlichkeit auch an die Kunsthochschulen herantrug, begannen diese am Begriff der Wissenschaft zu arbeiten: Lassen sich Kunstwerke in einem wissenschaftlichen Sinn als Forschungsarbeiten verstehen? Und was w\u00fcrde dies f\u00fcr den Begriff der Wissenschaft bedeuten? Die Theologie hat von dieser Debatte bislang kaum Notiz genommen. \u2026<br \/>Mit Beitr\u00e4gen u.a. von Rose Breuss, Silvia Henke, Dieter Mersch und Giaco Schiesser<\/p>\n<p>zur Ausgabe<span>\u00a0<\/span><a href=\"http:\/\/www.kunstundkirche.com\/hefte\/kunst-forscht\" target=\"_blank\" rel=\"noopener noreferrer\">kunst forscht<\/a><\/p>\n<p>[\/et_pb_accordion_item][et_pb_accordion_item title=&#8220;kuki 75 (4\/2012): dOCUMENTA (13)&#8220; _builder_version=&#8220;4.11.1&#8243; _module_preset=&#8220;default&#8220; global_colors_info=&#8220;{}&#8220; open=&#8220;off&#8220;]<\/p>\n<p>red. gem. m. Thomas Erne<\/p>\n<p>\u2026 Konnte ein Besucher \/ eine Besucherin der dOCUMENTA (13) auf seinem\/ ihrem Gang vom Brain im Fridericianum, \u00fcber das Ottoneum, die Documentahalle zur Orangerie durch die Karlsaue bis hin zu Neuer Galerie und Kulturbahnhof in den Positionen der K\u00fcnstlerInnen auch etwas \u00fcber die Religion der Gegenwart erfahren? Und tr\u00e4gt eine religi\u00f6se Deutung etwas bei zu der Kunst, wie sie auf der dOCUMENTA (13) zu sehen war? Eine Sch\u00e4rfung der Wahrnehmung, ein Blick auf die Tiefenstruktur, eine Erfahrungsdimension zwischen den Kulturen? \u2026<br \/>Mit Beitr\u00e4gen u.a. von Stefan Balkenhol, Brigitte Bothe, Susanne Jakubczyk und Wolfgang Ullrich.<\/p>\n<p>zur Ausgabe<span>\u00a0<\/span><a href=\"http:\/\/www.kunstundkirche.com\/hefte\/documenta13\" target=\"_blank\" rel=\"noopener noreferrer\">dOCUMENTA (13)<\/a><\/p>\n<p>[\/et_pb_accordion_item][et_pb_accordion_item title=&#8220;kuki 74 (4\/2011): Scham&#8220; _builder_version=&#8220;4.11.1&#8243; _module_preset=&#8220;default&#8220; global_colors_info=&#8220;{}&#8220; open=&#8220;off&#8220;]<\/p>\n<p>red. gem. m. Isabel Z\u00fcrcher<\/p>\n<p>Die Scham liegt in den Augen \u2013 J\u00fcngst ist die Scham vermehrt ins Zentrum kulturwissenschaftlicher, philosophischer, psychologischer, soziologischer und theologischer Aufmerksamkeit ger\u00fcckt. Allerdings, und dies \u00fcberrascht: Auf den ersten Blick ist sie kein beziehungsweise nur indirekt ein Thema der Kunst. Dabei r\u00fchrt die Scham an kunstwissenschaftliche und \u00e4sthetische Diskurse zu Blick und Voyeurismus; sie mischt sich in die Rezeption von Bildern der Nacktheit und Pornografie; sie hat Anteil am Abjecten; sie macht sich bemerkbar in unseren Tabus und ihrer \u00dcberschreitung; im Ausloten von Hell- und Dunkelzonen steht sie in engem Bezug zu Fotografie und Film. Scham konstituiert sich im Blicken und Erblickt-Werden.<br \/>Mit Beitr\u00e4gen u.a. von Linda Hentschel, Nicolaj van der Meulen, Sigrid Schade und Jan E. Schlimme.<\/p>\n<p>zur Ausgabe<span>\u00a0<\/span><a href=\"http:\/\/www.kunstundkirche.com\/hefte\/scham\" target=\"_blank\" rel=\"noopener noreferrer\">Scham<\/a><\/p>\n<p>[\/et_pb_accordion_item][et_pb_accordion_item title=&#8220; kuki 73 (1\/2010): Projektion&#8220; _builder_version=&#8220;4.11.1&#8243; _module_preset=&#8220;default&#8220; global_colors_info=&#8220;{}&#8220; open=&#8220;off&#8220;]<\/p>\n<p>red. gem. m. Isabel Z\u00fcrcher<\/p>\n<p>Kennen Sie die Geschichte vom malenden Krokodil? Sein Nachbar, der Elefant, darf sich ein Bild aussuchen. Eifrig bet\u00e4tigt sich Krokodil an seiner Staffelei, Tag f\u00fcr Tag entsteht ein neues Werk: ein kr\u00e4ftiger Baum, ein behaglich eingerichtetes Haus, eine \u2026 Doch kein Gem\u00e4lde vermag Elefant so recht zu \u00fcberzeugen. Da hat Krokodil eine wunderbare Idee: Es r\u00e4t dem Freund, ein wei\u00dfes Bild zu w\u00e4hlen. Gl\u00fccklich zieht Elefant mit der leeren Leinwand von dannen, nagelt es in seinem Heim an die Wand und betrachtet seitdem Tag f\u00fcr Tag sein\/e Bild\/er. \u2026 Wirklichkeit ist uns nicht anders zug\u00e4nglich denn \u00fcber Prozesse der Projektion \u2013 seien diese erkenntnistheoretisch oder psychoanalytisch gefasst. K\u00fcnstler\/innen sind Fachleute des Projektiven. \u2026<br \/>Mit Beitr\u00e4gen u.a. von Michael S. Falser, L\u00e1szlo F. F\u00f6ld\u00e9nyi, Dora Imhof, Sven L\u00fctticken.<\/p>\n<p>zur Ausgabe<span>\u00a0<\/span><a href=\"http:\/\/www.kunstundkirche.com\/hefte\/projektion\" target=\"_blank\" rel=\"noopener noreferrer\">Projektion<\/a><\/p>\n<p>[\/et_pb_accordion_item][et_pb_accordion_item title=&#8220; kuki 72 (1\/2009): Kapital Kultur. Kulturhauptst\u00e4dte Europas&#8220; _builder_version=&#8220;4.11.1&#8243; _module_preset=&#8220;default&#8220; global_colors_info=&#8220;{}&#8220; open=&#8220;off&#8220;]<\/p>\n<p>\u00abDie Kulturhauptstadt Europas ist das erfolgreichste Projekt der Europ\u00e4ischen Kommission im Kulturbereich, an dem bereits mehr als vierzig St\u00e4dte Europas teilgenommen haben.\u00bb \u2013 liest man auf der Homepage von Vilnius, das sich 2009 den Titel \u00abKulturhauptstadt Europas\u00bb mit Linz teilt.<br \/>1985 auf Vorschlag der griechischen Kulturministerin Melina Mercouri erstmals inszeniert, ziehen die jeweils f\u00fcr ein Jahr ausgezeichneten \u00abKulturst\u00e4dte\u00bb (bis 1999) beziehungsweise \u00abKulturhauptst\u00e4dte\u00bb inzwischen ein zunehmend feinmaschigeres Netz \u00fcber die europ\u00e4ische Landkarte. \u2026<br \/>Mit Beitr\u00e4gen u.a. von Richard Ferkl, Martin Heller, Peter Pawlowsky und Gudrun Quenzel.<\/p>\n<p>zur Ausgabe<span>\u00a0<\/span><a href=\"http:\/\/www.kunstundkirche.com\/hefte\/kapital-kultur-kulturhauptstaedte-europas\" target=\"_blank\" rel=\"noopener noreferrer\">Kapital Kultur. Kulturhauptst\u00e4dte Europas<\/a><\/p>\n<p>[\/et_pb_accordion_item][et_pb_accordion_item title=&#8220;kuki 71 (1\/2008): bild \u2013 k\u00f6rper \u2013 raum&#8220; _builder_version=&#8220;4.11.1&#8243; _module_preset=&#8220;default&#8220; global_colors_info=&#8220;{}&#8220; open=&#8220;off&#8220;]<\/p>\n<p>Nicht von ungef\u00e4hr hat sich die Bildwissenschaft seit der Jahrtausendwende geradezu als geistes-, kultur- und gesellschaftswissenschaftliche Leitdisziplin etabliert. Der durch W.J. Thomas Mitchells Studie Picture theory. Essays on Verbal and Visual Representation (1994) ausgel\u00f6ste \u2039pictorial turn\u203a r\u00fcckte die Rolle von Bildern im Raum gesellschaftlicher Kommunikation nachhaltig ins Bewu\u00dftsein: nicht allein die Sprache bestimmt menschliches Verhalten und politisches Handeln, sondern in hohem Ma\u00dfe auch Bilder, wie sie t\u00e4glich \u00fcber Plakatw\u00e4nde und Bildschirme gleiten. \u2026<br \/>Mit Beitr\u00e4gen u.a. von Martin Hochleitner, Josef Marsteurer, Marie-Jos\u00e9 Mondzain, Eva Sch\u00fcrmann.<\/p>\n<p>zur Ausgabe<span>\u00a0<\/span><a href=\"http:\/\/www.kunstundkirche.com\/hefte\/bild-koerper-raum\" target=\"_blank\" rel=\"noopener noreferrer\">bild \u2013 k\u00f6rper \u2013 raum<\/a><\/p>\n<p>[\/et_pb_accordion_item][et_pb_accordion_item title=&#8220; kuki 4\/2004: Kunst und Islam&#8220; _builder_version=&#8220;4.11.1&#8243; _module_preset=&#8220;default&#8220; global_colors_info=&#8220;{}&#8220; open=&#8220;off&#8220;]<\/p>\n<p>red. gem. m. Ebba Koch<\/p>\n<p>Abseits der Schlagzeilen, die gegenw\u00e4rtig Zeitungen, Radio und Fernsehen bestimmen, eine Auseinandersetzung mit \u2039dem Islam\u203a zu f\u00fchren, gab den Ansto\u00df ein Heft von kunst und kirche dieser Thematik zu widmen. \u2026<br \/>Reinhard Schulze f\u00fchrt vor dem Hintergrund der Huntington-Debatte differenziert in den Orientalismus-Diskurs ein. \u2026 Ebba Koch stellt die grundlegende Frage, wie weit die Ausdrucksformen der als \u2039islamisch\u203a angesehen Kunst tats\u00e4chlich religi\u00f6s motiviert sind. Welche Rolle spielt das Bilderverbot? G\u00fcnther J\u00e4ger verfolgt die diesbez\u00fcglichen Aussagen in Koran und Hadith und stellt sie in Beziehung zur j\u00fcdischen und christlichen \u00dcberlieferung. Mit den gegens\u00e4tzlichen Begriffen \u00abOrdnung\u00bb und \u00abEkstase\u00bb \u2026 sucht J. C. B\u00fcrgel das \u00abWesen islamischer Kunst\u00bb zu fassen und erl\u00e4utert es vornehmlich an Beispielen der Dichtung. Der zweite Teil diskutiert Beispiele der Gegenwartskunst. \u2026<\/p>\n<p><em>vergriffen<\/em><\/p>\n<p>[\/et_pb_accordion_item][et_pb_accordion_item title=&#8220; kuki 4\/2003: Der Wert der Dinge&#8220; _builder_version=&#8220;4.11.1&#8243; _module_preset=&#8220;default&#8220; global_colors_info=&#8220;{}&#8220; open=&#8220;off&#8220;]<\/p>\n<p>red. gem. m. Klaudius Wintz<\/p>\n<p>\u00abDesign ist das aus der richtigen Erkenntnis einer fehlenden Notwendigkeit erschaffene \u00dcberfl\u00fcssige\u00bb \u2013 so Wolfgang Kemp frei nach Karl Kraus. \u2026 Dabei ist die Frage nach ad\u00e4quaten liturgischen Ger\u00e4ten und Gew\u00e4ndern nicht isoliert zu betrachten. Sie ist einzubinden in die Situationen allt\u00e4glichen Lebens, in die Gesetzm\u00e4\u00dfigkeiten, Zw\u00e4nge und Reize einer Konsumkultur und deren Umgang mit den Dingen. \u2026<br \/>Mit Beitr\u00e4gen u.a. von Lucius Burckhardt, Thomas Sternberg, Johanna Schwanberg und Leo Zogmayer.<\/p>\n<p><em>vergriffen<\/em><\/p>\n<p>[\/et_pb_accordion_item][\/et_pb_accordion][\/et_pb_column][\/et_pb_row][et_pb_row _builder_version=&#8220;4.11.0&#8243; _module_preset=&#8220;default&#8220; global_colors_info=&#8220;{}&#8220;][et_pb_column type=&#8220;4_4&#8243; _builder_version=&#8220;4.11.0&#8243; _module_preset=&#8220;default&#8220; global_colors_info=&#8220;{}&#8220;][dipi_image_gallery thumbs_count=&#8220;9&#8243; main_navigation_prev_icon_yn=&#8220;on&#8220; main_navigation_prev_icon=&#8220;&#x34;||divi||400&#8243; main_navigation_next_icon_yn=&#8220;on&#8220; main_navigation_next_icon=&#8220;&#x35;||divi||400&#8243; main_navigation_size=&#8220;70&#8243; main_navigation_color=&#8220;#F6F6F6&#8243; main_navigation=&#8220;on&#8220; main_slider_animation=&#8220;fade&#8220; _builder_version=&#8220;4.14.5&#8243; _module_preset=&#8220;default&#8220; global_colors_info=&#8220;{}&#8220;][dipi_image_gallery_child item_image=&#8220;https:\/\/leisch-kiesl.com\/wp-content\/uploads\/2021\/10\/kuki-2014-04-kunst-forscht-scaled.jpg&#8220; _builder_version=&#8220;4.14.5&#8243; _module_preset=&#8220;default&#8220; global_colors_info=&#8220;{}&#8220;][\/dipi_image_gallery_child][dipi_image_gallery_child item_image=&#8220;https:\/\/leisch-kiesl.com\/wp-content\/uploads\/2021\/10\/kuki-2012-04-dOCUMENTA-scaled.jpg&#8220; _builder_version=&#8220;4.14.5&#8243; _module_preset=&#8220;default&#8220; global_colors_info=&#8220;{}&#8220;][\/dipi_image_gallery_child][dipi_image_gallery_child item_image=&#8220;https:\/\/leisch-kiesl.com\/wp-content\/uploads\/2021\/10\/kuki-2011-04_Scham-scaled.jpg&#8220; _builder_version=&#8220;4.14.5&#8243; _module_preset=&#8220;default&#8220; global_colors_info=&#8220;{}&#8220;][\/dipi_image_gallery_child][dipi_image_gallery_child item_image=&#8220;https:\/\/leisch-kiesl.com\/wp-content\/uploads\/2021\/10\/kuki-2009-01_Kapital-Kultur.jpg&#8220; _builder_version=&#8220;4.14.5&#8243; _module_preset=&#8220;default&#8220; global_colors_info=&#8220;{}&#8220;][\/dipi_image_gallery_child][dipi_image_gallery_child item_image=&#8220;https:\/\/leisch-kiesl.com\/wp-content\/uploads\/2021\/10\/kuki-2010-01_Projektion.jpg&#8220; _builder_version=&#8220;4.14.5&#8243; _module_preset=&#8220;default&#8220; global_colors_info=&#8220;{}&#8220;][\/dipi_image_gallery_child][dipi_image_gallery_child item_image=&#8220;https:\/\/leisch-kiesl.com\/wp-content\/uploads\/2021\/10\/kuki-2008-01_bild-koerper-raum-2.jpg&#8220; _builder_version=&#8220;4.14.5&#8243; _module_preset=&#8220;default&#8220; global_colors_info=&#8220;{}&#8220;][\/dipi_image_gallery_child][dipi_image_gallery_child item_image=&#8220;https:\/\/leisch-kiesl.com\/wp-content\/uploads\/2021\/10\/kuki-2003-04-Der-Wert-der-Dinge-scaled.jpg&#8220; _builder_version=&#8220;4.14.5&#8243; _module_preset=&#8220;default&#8220; global_colors_info=&#8220;{}&#8220;][\/dipi_image_gallery_child][dipi_image_gallery_child item_image=&#8220;https:\/\/leisch-kiesl.com\/wp-content\/uploads\/2021\/10\/kuki-2004-04-Kunst-und-Islam-scaled.jpg&#8220; _builder_version=&#8220;4.14.5&#8243; _module_preset=&#8220;default&#8220; global_colors_info=&#8220;{}&#8220;][\/dipi_image_gallery_child][dipi_image_gallery_child item_image=&#8220;https:\/\/leisch-kiesl.com\/wp-content\/uploads\/2021\/10\/kuki-2017-04_Megaevents.jpg&#8220; label=&#8220;i want a pony&#8220; _builder_version=&#8220;4.14.5&#8243; _module_preset=&#8220;default&#8220; global_colors_info=&#8220;{}&#8220;][\/dipi_image_gallery_child][\/dipi_image_gallery][\/et_pb_column][\/et_pb_row][\/et_pb_section]<\/p>\n","protected":false},"excerpt":{"rendered":"<p>kunst und kirche. Zeitschrift f\u00fcr Kritik, \u00c4sthetik und ReligionemptyKaum ein Jahr war derma\u00dfen von\u00a0Megaevents\u00a0der Kunst gepr\u00e4gt wie 2017: documenta 14 in Kassel und Athen, Skulptur Projekte M\u00fcnster, Biennale Venedig, Reformationsjubil\u00e4um \u2013 um nur die wichtigsten Ereignisse, insbesondere des (zentral-)europ\u00e4ischen Raums zu nennen. \u2026\u00a0kunst und kirche\u00a0kommt\u00a0danach, nachdem die Ausstellungshallen geschlossen sind, der Stadtraum wieder aufger\u00e4umt ist, [&hellip;]<\/p>\n","protected":false},"author":1,"featured_media":142,"parent":608,"menu_order":4,"comment_status":"closed","ping_status":"closed","template":"","meta":{"_et_pb_use_builder":"on","_et_pb_old_content":"","_et_gb_content_width":"","footnotes":""},"dipi_cpt_category":[],"class_list":["post-62","page","type-page","status-publish","has-post-thumbnail","hentry"],"yoast_head":"<!-- This site is optimized with the Yoast SEO plugin v27.3 - https:\/\/yoast.com\/product\/yoast-seo-wordpress\/ -->\n<title>Zeitschriften - Monika Leisch-Kiesl<\/title>\n<meta name=\"description\" content=\"kunst und kirche. Zeitschrift f\u00fcr Kritik, \u00c4sthetik und Religion\" \/>\n<meta name=\"robots\" content=\"index, follow, max-snippet:-1, max-image-preview:large, max-video-preview:-1\" \/>\n<link rel=\"canonical\" href=\"https:\/\/leisch-kiesl.com\/en\/publications\/journals\/\" \/>\n<meta property=\"og:locale\" content=\"en_GB\" \/>\n<meta property=\"og:type\" content=\"article\" \/>\n<meta property=\"og:title\" content=\"Zeitschriften - Monika Leisch-Kiesl\" \/>\n<meta property=\"og:description\" content=\"kunst und kirche. Zeitschrift f\u00fcr Kritik, \u00c4sthetik und Religion\" \/>\n<meta property=\"og:url\" content=\"https:\/\/leisch-kiesl.com\/en\/publications\/journals\/\" \/>\n<meta property=\"og:site_name\" content=\"Monika Leisch-Kiesl\" \/>\n<meta property=\"article:modified_time\" content=\"2022-01-27T14:16:06+00:00\" \/>\n<meta property=\"og:image\" content=\"https:\/\/leisch-kiesl.com\/wp-content\/uploads\/2021\/10\/kuki-2014-04-kunst-forscht-scaled.jpg\" \/>\n\t<meta property=\"og:image:width\" content=\"1886\" \/>\n\t<meta property=\"og:image:height\" content=\"2560\" \/>\n\t<meta property=\"og:image:type\" content=\"image\/jpeg\" \/>\n<meta name=\"twitter:card\" content=\"summary_large_image\" \/>\n<meta name=\"twitter:label1\" content=\"Estimated reading time\" \/>\n\t<meta name=\"twitter:data1\" content=\"9 minutes\" \/>\n<script type=\"application\/ld+json\" class=\"yoast-schema-graph\">{\"@context\":\"https:\\\/\\\/schema.org\",\"@graph\":[{\"@type\":\"WebPage\",\"@id\":\"https:\\\/\\\/leisch-kiesl.com\\\/en\\\/publications\\\/journals\\\/\",\"url\":\"https:\\\/\\\/leisch-kiesl.com\\\/en\\\/publications\\\/journals\\\/\",\"name\":\"Zeitschriften - Monika Leisch-Kiesl\",\"isPartOf\":{\"@id\":\"https:\\\/\\\/leisch-kiesl.com\\\/#website\"},\"primaryImageOfPage\":{\"@id\":\"https:\\\/\\\/leisch-kiesl.com\\\/en\\\/publications\\\/journals\\\/#primaryimage\"},\"image\":{\"@id\":\"https:\\\/\\\/leisch-kiesl.com\\\/en\\\/publications\\\/journals\\\/#primaryimage\"},\"thumbnailUrl\":\"https:\\\/\\\/leisch-kiesl.com\\\/wp-content\\\/uploads\\\/2021\\\/10\\\/kuki-2014-04-kunst-forscht-scaled.jpg\",\"datePublished\":\"2021-10-01T15:27:06+00:00\",\"dateModified\":\"2022-01-27T14:16:06+00:00\",\"description\":\"kunst und kirche. Zeitschrift f\u00fcr Kritik, \u00c4sthetik und Religion\",\"breadcrumb\":{\"@id\":\"https:\\\/\\\/leisch-kiesl.com\\\/en\\\/publications\\\/journals\\\/#breadcrumb\"},\"inLanguage\":\"en-GB\",\"potentialAction\":[{\"@type\":\"ReadAction\",\"target\":[\"https:\\\/\\\/leisch-kiesl.com\\\/en\\\/publications\\\/journals\\\/\"]}]},{\"@type\":\"ImageObject\",\"inLanguage\":\"en-GB\",\"@id\":\"https:\\\/\\\/leisch-kiesl.com\\\/en\\\/publications\\\/journals\\\/#primaryimage\",\"url\":\"https:\\\/\\\/leisch-kiesl.com\\\/wp-content\\\/uploads\\\/2021\\\/10\\\/kuki-2014-04-kunst-forscht-scaled.jpg\",\"contentUrl\":\"https:\\\/\\\/leisch-kiesl.com\\\/wp-content\\\/uploads\\\/2021\\\/10\\\/kuki-2014-04-kunst-forscht-scaled.jpg\",\"width\":1886,\"height\":2560,\"caption\":\"Red.v. M. Leisch-Kiesl. Cover\"},{\"@type\":\"BreadcrumbList\",\"@id\":\"https:\\\/\\\/leisch-kiesl.com\\\/en\\\/publications\\\/journals\\\/#breadcrumb\",\"itemListElement\":[{\"@type\":\"ListItem\",\"position\":1,\"name\":\"Startseite\",\"item\":\"https:\\\/\\\/leisch-kiesl.com\\\/\"},{\"@type\":\"ListItem\",\"position\":2,\"name\":\"Publikationen\",\"item\":\"https:\\\/\\\/leisch-kiesl.com\\\/en\\\/publications\\\/\"},{\"@type\":\"ListItem\",\"position\":3,\"name\":\"Zeitschriften\"}]},{\"@type\":\"WebSite\",\"@id\":\"https:\\\/\\\/leisch-kiesl.com\\\/#website\",\"url\":\"https:\\\/\\\/leisch-kiesl.com\\\/\",\"name\":\"Monika Leisch-Kiesl\",\"description\":\"\",\"potentialAction\":[{\"@type\":\"SearchAction\",\"target\":{\"@type\":\"EntryPoint\",\"urlTemplate\":\"https:\\\/\\\/leisch-kiesl.com\\\/?s={search_term_string}\"},\"query-input\":{\"@type\":\"PropertyValueSpecification\",\"valueRequired\":true,\"valueName\":\"search_term_string\"}}],\"inLanguage\":\"en-GB\"}]}<\/script>\n<!-- \/ Yoast SEO plugin. -->","yoast_head_json":{"title":"Journals - Monika Leisch-Kiesl","description":"kunst und kirche. Zeitschrift f\u00fcr Kritik, \u00c4sthetik und Religion","robots":{"index":"index","follow":"follow","max-snippet":"max-snippet:-1","max-image-preview":"max-image-preview:large","max-video-preview":"max-video-preview:-1"},"canonical":"https:\/\/leisch-kiesl.com\/en\/publications\/journals\/","og_locale":"en_GB","og_type":"article","og_title":"Zeitschriften - Monika Leisch-Kiesl","og_description":"kunst und kirche. Zeitschrift f\u00fcr Kritik, \u00c4sthetik und Religion","og_url":"https:\/\/leisch-kiesl.com\/en\/publications\/journals\/","og_site_name":"Monika Leisch-Kiesl","article_modified_time":"2022-01-27T14:16:06+00:00","og_image":[{"width":1886,"height":2560,"url":"https:\/\/leisch-kiesl.com\/wp-content\/uploads\/2021\/10\/kuki-2014-04-kunst-forscht-scaled.jpg","type":"image\/jpeg"}],"twitter_card":"summary_large_image","twitter_misc":{"Estimated reading time":"9 minutes"},"schema":{"@context":"https:\/\/schema.org","@graph":[{"@type":"WebPage","@id":"https:\/\/leisch-kiesl.com\/en\/publications\/journals\/","url":"https:\/\/leisch-kiesl.com\/en\/publications\/journals\/","name":"Journals - Monika Leisch-Kiesl","isPartOf":{"@id":"https:\/\/leisch-kiesl.com\/#website"},"primaryImageOfPage":{"@id":"https:\/\/leisch-kiesl.com\/en\/publications\/journals\/#primaryimage"},"image":{"@id":"https:\/\/leisch-kiesl.com\/en\/publications\/journals\/#primaryimage"},"thumbnailUrl":"https:\/\/leisch-kiesl.com\/wp-content\/uploads\/2021\/10\/kuki-2014-04-kunst-forscht-scaled.jpg","datePublished":"2021-10-01T15:27:06+00:00","dateModified":"2022-01-27T14:16:06+00:00","description":"kunst und kirche. Zeitschrift f\u00fcr Kritik, \u00c4sthetik und Religion","breadcrumb":{"@id":"https:\/\/leisch-kiesl.com\/en\/publications\/journals\/#breadcrumb"},"inLanguage":"en-GB","potentialAction":[{"@type":"ReadAction","target":["https:\/\/leisch-kiesl.com\/en\/publications\/journals\/"]}]},{"@type":"ImageObject","inLanguage":"en-GB","@id":"https:\/\/leisch-kiesl.com\/en\/publications\/journals\/#primaryimage","url":"https:\/\/leisch-kiesl.com\/wp-content\/uploads\/2021\/10\/kuki-2014-04-kunst-forscht-scaled.jpg","contentUrl":"https:\/\/leisch-kiesl.com\/wp-content\/uploads\/2021\/10\/kuki-2014-04-kunst-forscht-scaled.jpg","width":1886,"height":2560,"caption":"Red.v. M. Leisch-Kiesl. Cover"},{"@type":"BreadcrumbList","@id":"https:\/\/leisch-kiesl.com\/en\/publications\/journals\/#breadcrumb","itemListElement":[{"@type":"ListItem","position":1,"name":"Startseite","item":"https:\/\/leisch-kiesl.com\/"},{"@type":"ListItem","position":2,"name":"Publikationen","item":"https:\/\/leisch-kiesl.com\/en\/publications\/"},{"@type":"ListItem","position":3,"name":"Zeitschriften"}]},{"@type":"WebSite","@id":"https:\/\/leisch-kiesl.com\/#website","url":"https:\/\/leisch-kiesl.com\/","name":"Monika Leisch-Kiesl","description":"","potentialAction":[{"@type":"SearchAction","target":{"@type":"EntryPoint","urlTemplate":"https:\/\/leisch-kiesl.com\/?s={search_term_string}"},"query-input":{"@type":"PropertyValueSpecification","valueRequired":true,"valueName":"search_term_string"}}],"inLanguage":"en-GB"}]}},"_links":{"self":[{"href":"https:\/\/leisch-kiesl.com\/en\/wp-json\/wp\/v2\/pages\/62","targetHints":{"allow":["GET"]}}],"collection":[{"href":"https:\/\/leisch-kiesl.com\/en\/wp-json\/wp\/v2\/pages"}],"about":[{"href":"https:\/\/leisch-kiesl.com\/en\/wp-json\/wp\/v2\/types\/page"}],"author":[{"embeddable":true,"href":"https:\/\/leisch-kiesl.com\/en\/wp-json\/wp\/v2\/users\/1"}],"replies":[{"embeddable":true,"href":"https:\/\/leisch-kiesl.com\/en\/wp-json\/wp\/v2\/comments?post=62"}],"version-history":[{"count":1,"href":"https:\/\/leisch-kiesl.com\/en\/wp-json\/wp\/v2\/pages\/62\/revisions"}],"predecessor-version":[{"id":990,"href":"https:\/\/leisch-kiesl.com\/en\/wp-json\/wp\/v2\/pages\/62\/revisions\/990"}],"up":[{"embeddable":true,"href":"https:\/\/leisch-kiesl.com\/en\/wp-json\/wp\/v2\/pages\/608"}],"wp:featuredmedia":[{"embeddable":true,"href":"https:\/\/leisch-kiesl.com\/en\/wp-json\/wp\/v2\/media\/142"}],"wp:attachment":[{"href":"https:\/\/leisch-kiesl.com\/en\/wp-json\/wp\/v2\/media?parent=62"}],"wp:term":[{"taxonomy":"dipi_cpt_category","embeddable":true,"href":"https:\/\/leisch-kiesl.com\/en\/wp-json\/wp\/v2\/dipi_cpt_category?post=62"}],"curies":[{"name":"wp","href":"https:\/\/api.w.org\/{rel}","templated":true}]}}