{"id":64,"date":"2021-10-01T15:27:42","date_gmt":"2021-10-01T15:27:42","guid":{"rendered":"https:\/\/monika.web-work.at\/?page_id=64"},"modified":"2023-01-03T11:11:31","modified_gmt":"2023-01-03T11:11:31","slug":"editorship","status":"publish","type":"page","link":"https:\/\/leisch-kiesl.com\/en\/publikationen\/herausgeberschaften\/","title":{"rendered":"Editorship"},"content":{"rendered":"<p>[et_pb_section fb_built=&#8220;1&#8243; _builder_version=&#8220;4.16&#8243; background_image=&#8220;https:\/\/leisch-kiesl.com\/wp-content\/uploads\/2021\/10\/SCHATTEN01.jpeg&#8220; min_height=&#8220;85vh&#8220; global_colors_info=&#8220;{}&#8220;][et_pb_row column_structure=&#8220;1_2,1_2&#8243; _builder_version=&#8220;4.16&#8243; background_size=&#8220;initial&#8220; background_position=&#8220;top_left&#8220; background_repeat=&#8220;repeat&#8220; global_colors_info=&#8220;{}&#8220;][et_pb_column type=&#8220;1_2&#8243; _builder_version=&#8220;4.16&#8243; custom_padding=&#8220;15px||15px||true|false&#8220; custom_css_main_element=&#8220;margin: auto;&#8220; global_colors_info=&#8220;{}&#8220; custom_padding__hover=&#8220;|||&#8220;][et_pb_text _builder_version=&#8220;4.16&#8243; _module_preset=&#8220;default&#8220; header_font=&#8220;Nunito|700|||||||&#8220; custom_padding=&#8220;10px|10px|10px|10px|true|true&#8220; global_colors_info=&#8220;{}&#8220;]<\/p>\n<div class=\"fusion-title title fusion-title-1 fusion-title-text fusion-title-size-one\">\n<h1 class=\"title-heading-left fusion-responsive-typography-calculated\" data-fontsize=\"34\" data-lineheight=\"47.6px\">Wissenschaftliche Reihe<\/h1>\n<\/div>\n<p>[\/et_pb_text][et_pb_text _builder_version=&#8220;4.16&#8243; _module_preset=&#8220;default&#8220; header_2_font=&#8220;|700|||||||&#8220; header_2_font_size=&#8220;20px&#8220; background_color=&#8220;#F6F6F6&#8243; custom_padding=&#8220;22px|22px|22px|22px|false|true&#8220; box_shadow_style=&#8220;preset3&#8243; global_colors_info=&#8220;{}&#8220;]<\/p>\n<h2>Linzer Beitr\u00e4ge zur Kunstwissenschaft und Philosophie<\/h2>\n<p>2008 \u2013 2015: gem. m. Michael Hofer; 2016 \u2013 aktuell: gem. m. Stephan Grotz<br \/><a href=\"http:\/\/www.transcript-verlag.de\/\" target=\"_blank\" rel=\"noopener noreferrer\">transcript<\/a>: Bielefeld<\/p>\n<p>Philosophie und Kunst haben eine gemeinsame Geschichte und bleiben, so sehr sie sich auch voneinander unterscheiden, zumindest im Abendland stets aufeinander verwiesen. Von Anfang an sind Fragen der Darstellung, ob in Sprache, Schrift oder Bild, Gegenstand der philosophischen Er\u00f6rterung gewesen, wie umgekehrt die Kunst ihrerseits, ausdr\u00fccklich oder nicht, stets philosophische Probleme reflektiert. Wurde von der Philosophie gesagt, sie sei \u00abihre Zeit in Gedanken erfasst\u00bb (Hegel), so lie\u00dfe sich von der Kunst sagen, sie sei ihre Zeit in Bilder gefasst. Seit im 20. Jahrhundert Selbstreflexion und theoretische Diskurse zu zentralen Bestandteilen des Kunstwerks wurden, ist die Beziehung zwischen Kunst und Philosophie noch wesentlich enger geworden.<br \/>Die Reihe will sowohl die Zusammenarbeit von Kunstwissenschaft und Philosophie intensivieren als auch Fragestellungen aufgreifen, die f\u00fcr die Kunstwissenschaft oder f\u00fcr die Philosophie von besonderem Interesse sind.<\/p>\n<p>zu den <a href=\"https:\/\/www.transcript-verlag.de\/reihen\/kunst-und-bildwissenschaft\/linzer-beitraege-zur-kunstwissenschaft-und-philosophie\/\" target=\"_blank\" rel=\"noopener noreferrer\">einzelnen B\u00e4nden<\/a> der Reihe<\/p>\n<p>[\/et_pb_text][\/et_pb_column][et_pb_column type=&#8220;1_2&#8243; _builder_version=&#8220;4.16&#8243; custom_padding=&#8220;15px||15px||true|false&#8220; custom_css_main_element=&#8220;margin: auto;&#8220; global_colors_info=&#8220;{}&#8220; custom_padding__hover=&#8220;|||&#8220;][et_pb_text _builder_version=&#8220;4.16&#8243; _module_preset=&#8220;default&#8220; header_font=&#8220;Nunito|700|||||||&#8220; custom_padding=&#8220;10px|10px|10px|10px|true|true&#8220; global_colors_info=&#8220;{}&#8220;]<\/p>\n<div class=\"fusion-title title fusion-title-1 fusion-title-text fusion-title-size-one\">\n<h1 class=\"title-heading-left fusion-responsive-typography-calculated\" data-fontsize=\"34\" data-lineheight=\"47.6px\">Zeitschrift<\/h1>\n<\/div>\n<p>[\/et_pb_text][et_pb_text _builder_version=&#8220;4.16&#8243; _module_preset=&#8220;default&#8220; header_2_font=&#8220;|700|||||||&#8220; header_2_font_size=&#8220;20px&#8220; background_color=&#8220;#F6F6F6&#8243; custom_padding=&#8220;22px|22px|22px|22px|false|true&#8220; box_shadow_style=&#8220;preset3&#8243; global_colors_info=&#8220;{}&#8220;]<\/p>\n<h2>kunst und kirche. Zeitschrift f\u00fcr Kritik, \u00c4sthetik und Religion<\/h2>\n<p>2002 \u2013 2007: gem. m. Horst Schwebel<br \/>2007 \u2013 2020: gem. m. Thomas Erne<br \/>Springer Verlag (2007 \u2013 2013) \/ <a href=\"http:\/\/www.medecco.at\/portfolio\" target=\"_blank\" rel=\"noopener noreferrer\">Medecco<\/a><span>\u00a0<\/span>(2013 \u2013 ): Wien<\/p>\n<p>\u00abkunst und kirche\u00bb widmet sich viermal j\u00e4hrlich aktuellen Themen aus Kunst und Architektur \u2013 und erkundet deren religi\u00f6sen und philosophischen Horizont:<br \/>Wo entstanden in j\u00fcngster Zeit interessante Kirchenbauten?<br \/>Wie lassen sich Ph\u00e4nomene der Gegenwartsarchitektur zu religi\u00f6sen Traditionen in Beziehung setzen?<br \/>Wie transformiert zeitgen\u00f6ssische Kunst zentrale Inhalte christlicher \u00dcberlieferung?<br \/>Und welche Rolle spielt die Kunst im interkulturellen und interreligi\u00f6sen Dialog?<br \/>Neben Aufs\u00e4tzen und Essays namhafter AutorInnen liefern junge WissenschafterInnen Diskussionsbeitr\u00e4ge und Denkanst\u00f6\u00dfe.<br \/>Berichte \u00fcber zentrale Ausstellungen und wichtige Veranstaltungen, Informationen \u00fcber bemerkenswerte Kirchenumgestaltungen sowie Rezensionen relevanter Neuerscheinungen bilden ein Diskussionsforum an der Schnittstelle von zeitgen\u00f6ssischer Kunst, Architektur und Religion.<\/p>\n<p>zu den <a href=\"http:\/\/www.kunstundkirche.com\/archiv\" target=\"_blank\" rel=\"noopener noreferrer\">einzelnen Heften<\/a> der Zeitschrift<\/p>\n<p>[\/et_pb_text][\/et_pb_column][\/et_pb_row][\/et_pb_section]<\/p>\n","protected":false},"excerpt":{"rendered":"<p>Wissenschaftliche Reihe Linzer Beitr\u00e4ge zur Kunstwissenschaft und Philosophie 2008 \u2013 2015: gem. m. Michael Hofer; 2016 \u2013 aktuell: gem. m. Stephan Grotztranscript: Bielefeld Philosophie und Kunst haben eine gemeinsame Geschichte und bleiben, so sehr sie sich auch voneinander unterscheiden, zumindest im Abendland stets aufeinander verwiesen. Von Anfang an sind Fragen der Darstellung, ob in Sprache, [&hellip;]<\/p>\n","protected":false},"author":1,"featured_media":18,"parent":608,"menu_order":3,"comment_status":"closed","ping_status":"closed","template":"","meta":{"_et_pb_use_builder":"on","_et_pb_old_content":"","_et_gb_content_width":"","footnotes":""},"dipi_cpt_category":[],"class_list":["post-64","page","type-page","status-publish","has-post-thumbnail","hentry"],"yoast_head":"<!-- This site is optimized with the Yoast SEO plugin v27.4 - https:\/\/yoast.com\/product\/yoast-seo-wordpress\/ -->\n<title>Herausgeberschaften - Monika Leisch-Kiesl<\/title>\n<meta name=\"description\" content=\"Linzer Beitr\u00e4ge zur Kunstwissenschaft und Philosophie, kunst und kirche. Zeitschrift f\u00fcr Kritik, \u00c4sthetik und Religion\" \/>\n<meta name=\"robots\" content=\"index, follow, max-snippet:-1, max-image-preview:large, max-video-preview:-1\" \/>\n<link rel=\"canonical\" href=\"https:\/\/leisch-kiesl.com\/en\/publications\/editorship\/\" \/>\n<meta property=\"og:locale\" content=\"en_GB\" \/>\n<meta property=\"og:type\" content=\"article\" \/>\n<meta property=\"og:title\" content=\"Herausgeberschaften - Monika Leisch-Kiesl\" \/>\n<meta property=\"og:description\" content=\"Linzer Beitr\u00e4ge zur Kunstwissenschaft und Philosophie, kunst und kirche. Zeitschrift f\u00fcr Kritik, \u00c4sthetik und Religion\" \/>\n<meta property=\"og:url\" content=\"https:\/\/leisch-kiesl.com\/en\/publications\/editorship\/\" \/>\n<meta property=\"og:site_name\" content=\"Monika Leisch-Kiesl\" \/>\n<meta property=\"article:modified_time\" content=\"2023-01-03T11:11:31+00:00\" \/>\n<meta property=\"og:image\" content=\"https:\/\/leisch-kiesl.com\/wp-content\/uploads\/2021\/10\/SCHATTEN01.jpeg\" \/>\n\t<meta property=\"og:image:width\" content=\"2341\" \/>\n\t<meta property=\"og:image:height\" content=\"1949\" \/>\n\t<meta property=\"og:image:type\" content=\"image\/jpeg\" \/>\n<meta name=\"twitter:card\" content=\"summary_large_image\" \/>\n<script type=\"application\/ld+json\" class=\"yoast-schema-graph\">{\"@context\":\"https:\\\/\\\/schema.org\",\"@graph\":[{\"@type\":\"WebPage\",\"@id\":\"https:\\\/\\\/leisch-kiesl.com\\\/en\\\/publications\\\/editorship\\\/\",\"url\":\"https:\\\/\\\/leisch-kiesl.com\\\/en\\\/publications\\\/editorship\\\/\",\"name\":\"Herausgeberschaften - Monika Leisch-Kiesl\",\"isPartOf\":{\"@id\":\"https:\\\/\\\/leisch-kiesl.com\\\/#website\"},\"primaryImageOfPage\":{\"@id\":\"https:\\\/\\\/leisch-kiesl.com\\\/en\\\/publications\\\/editorship\\\/#primaryimage\"},\"image\":{\"@id\":\"https:\\\/\\\/leisch-kiesl.com\\\/en\\\/publications\\\/editorship\\\/#primaryimage\"},\"thumbnailUrl\":\"https:\\\/\\\/leisch-kiesl.com\\\/wp-content\\\/uploads\\\/2021\\\/10\\\/SCHATTEN01.jpeg\",\"datePublished\":\"2021-10-01T15:27:42+00:00\",\"dateModified\":\"2023-01-03T11:11:31+00:00\",\"description\":\"Linzer Beitr\u00e4ge zur Kunstwissenschaft und Philosophie, kunst und kirche. Zeitschrift f\u00fcr Kritik, \u00c4sthetik und Religion\",\"breadcrumb\":{\"@id\":\"https:\\\/\\\/leisch-kiesl.com\\\/en\\\/publications\\\/editorship\\\/#breadcrumb\"},\"inLanguage\":\"en-GB\",\"potentialAction\":[{\"@type\":\"ReadAction\",\"target\":[\"https:\\\/\\\/leisch-kiesl.com\\\/en\\\/publications\\\/editorship\\\/\"]}]},{\"@type\":\"ImageObject\",\"inLanguage\":\"en-GB\",\"@id\":\"https:\\\/\\\/leisch-kiesl.com\\\/en\\\/publications\\\/editorship\\\/#primaryimage\",\"url\":\"https:\\\/\\\/leisch-kiesl.com\\\/wp-content\\\/uploads\\\/2021\\\/10\\\/SCHATTEN01.jpeg\",\"contentUrl\":\"https:\\\/\\\/leisch-kiesl.com\\\/wp-content\\\/uploads\\\/2021\\\/10\\\/SCHATTEN01.jpeg\",\"width\":2341,\"height\":1949},{\"@type\":\"BreadcrumbList\",\"@id\":\"https:\\\/\\\/leisch-kiesl.com\\\/en\\\/publications\\\/editorship\\\/#breadcrumb\",\"itemListElement\":[{\"@type\":\"ListItem\",\"position\":1,\"name\":\"Startseite\",\"item\":\"https:\\\/\\\/leisch-kiesl.com\\\/\"},{\"@type\":\"ListItem\",\"position\":2,\"name\":\"Publikationen\",\"item\":\"https:\\\/\\\/leisch-kiesl.com\\\/en\\\/publications\\\/\"},{\"@type\":\"ListItem\",\"position\":3,\"name\":\"Herausgeberschaften\"}]},{\"@type\":\"WebSite\",\"@id\":\"https:\\\/\\\/leisch-kiesl.com\\\/#website\",\"url\":\"https:\\\/\\\/leisch-kiesl.com\\\/\",\"name\":\"Monika Leisch-Kiesl\",\"description\":\"\",\"potentialAction\":[{\"@type\":\"SearchAction\",\"target\":{\"@type\":\"EntryPoint\",\"urlTemplate\":\"https:\\\/\\\/leisch-kiesl.com\\\/?s={search_term_string}\"},\"query-input\":{\"@type\":\"PropertyValueSpecification\",\"valueRequired\":true,\"valueName\":\"search_term_string\"}}],\"inLanguage\":\"en-GB\"}]}<\/script>\n<!-- \/ Yoast SEO plugin. -->","yoast_head_json":{"title":"Editorship - Monika Leisch-Kiesl","description":"Linzer Beitr\u00e4ge zur Kunstwissenschaft und Philosophie, kunst und kirche. Zeitschrift f\u00fcr Kritik, \u00c4sthetik und Religion","robots":{"index":"index","follow":"follow","max-snippet":"max-snippet:-1","max-image-preview":"max-image-preview:large","max-video-preview":"max-video-preview:-1"},"canonical":"https:\/\/leisch-kiesl.com\/en\/publications\/editorship\/","og_locale":"en_GB","og_type":"article","og_title":"Herausgeberschaften - Monika Leisch-Kiesl","og_description":"Linzer Beitr\u00e4ge zur Kunstwissenschaft und Philosophie, kunst und kirche. Zeitschrift f\u00fcr Kritik, \u00c4sthetik und Religion","og_url":"https:\/\/leisch-kiesl.com\/en\/publications\/editorship\/","og_site_name":"Monika Leisch-Kiesl","article_modified_time":"2023-01-03T11:11:31+00:00","og_image":[{"width":2341,"height":1949,"url":"https:\/\/leisch-kiesl.com\/wp-content\/uploads\/2021\/10\/SCHATTEN01.jpeg","type":"image\/jpeg"}],"twitter_card":"summary_large_image","schema":{"@context":"https:\/\/schema.org","@graph":[{"@type":"WebPage","@id":"https:\/\/leisch-kiesl.com\/en\/publications\/editorship\/","url":"https:\/\/leisch-kiesl.com\/en\/publications\/editorship\/","name":"Editorship - Monika Leisch-Kiesl","isPartOf":{"@id":"https:\/\/leisch-kiesl.com\/#website"},"primaryImageOfPage":{"@id":"https:\/\/leisch-kiesl.com\/en\/publications\/editorship\/#primaryimage"},"image":{"@id":"https:\/\/leisch-kiesl.com\/en\/publications\/editorship\/#primaryimage"},"thumbnailUrl":"https:\/\/leisch-kiesl.com\/wp-content\/uploads\/2021\/10\/SCHATTEN01.jpeg","datePublished":"2021-10-01T15:27:42+00:00","dateModified":"2023-01-03T11:11:31+00:00","description":"Linzer Beitr\u00e4ge zur Kunstwissenschaft und Philosophie, kunst und kirche. Zeitschrift f\u00fcr Kritik, \u00c4sthetik und Religion","breadcrumb":{"@id":"https:\/\/leisch-kiesl.com\/en\/publications\/editorship\/#breadcrumb"},"inLanguage":"en-GB","potentialAction":[{"@type":"ReadAction","target":["https:\/\/leisch-kiesl.com\/en\/publications\/editorship\/"]}]},{"@type":"ImageObject","inLanguage":"en-GB","@id":"https:\/\/leisch-kiesl.com\/en\/publications\/editorship\/#primaryimage","url":"https:\/\/leisch-kiesl.com\/wp-content\/uploads\/2021\/10\/SCHATTEN01.jpeg","contentUrl":"https:\/\/leisch-kiesl.com\/wp-content\/uploads\/2021\/10\/SCHATTEN01.jpeg","width":2341,"height":1949},{"@type":"BreadcrumbList","@id":"https:\/\/leisch-kiesl.com\/en\/publications\/editorship\/#breadcrumb","itemListElement":[{"@type":"ListItem","position":1,"name":"Startseite","item":"https:\/\/leisch-kiesl.com\/"},{"@type":"ListItem","position":2,"name":"Publikationen","item":"https:\/\/leisch-kiesl.com\/en\/publications\/"},{"@type":"ListItem","position":3,"name":"Herausgeberschaften"}]},{"@type":"WebSite","@id":"https:\/\/leisch-kiesl.com\/#website","url":"https:\/\/leisch-kiesl.com\/","name":"Monika Leisch-Kiesl","description":"","potentialAction":[{"@type":"SearchAction","target":{"@type":"EntryPoint","urlTemplate":"https:\/\/leisch-kiesl.com\/?s={search_term_string}"},"query-input":{"@type":"PropertyValueSpecification","valueRequired":true,"valueName":"search_term_string"}}],"inLanguage":"en-GB"}]}},"_links":{"self":[{"href":"https:\/\/leisch-kiesl.com\/en\/wp-json\/wp\/v2\/pages\/64","targetHints":{"allow":["GET"]}}],"collection":[{"href":"https:\/\/leisch-kiesl.com\/en\/wp-json\/wp\/v2\/pages"}],"about":[{"href":"https:\/\/leisch-kiesl.com\/en\/wp-json\/wp\/v2\/types\/page"}],"author":[{"embeddable":true,"href":"https:\/\/leisch-kiesl.com\/en\/wp-json\/wp\/v2\/users\/1"}],"replies":[{"embeddable":true,"href":"https:\/\/leisch-kiesl.com\/en\/wp-json\/wp\/v2\/comments?post=64"}],"version-history":[{"count":3,"href":"https:\/\/leisch-kiesl.com\/en\/wp-json\/wp\/v2\/pages\/64\/revisions"}],"predecessor-version":[{"id":1359,"href":"https:\/\/leisch-kiesl.com\/en\/wp-json\/wp\/v2\/pages\/64\/revisions\/1359"}],"up":[{"embeddable":true,"href":"https:\/\/leisch-kiesl.com\/en\/wp-json\/wp\/v2\/pages\/608"}],"wp:featuredmedia":[{"embeddable":true,"href":"https:\/\/leisch-kiesl.com\/en\/wp-json\/wp\/v2\/media\/18"}],"wp:attachment":[{"href":"https:\/\/leisch-kiesl.com\/en\/wp-json\/wp\/v2\/media?parent=64"}],"wp:term":[{"taxonomy":"dipi_cpt_category","embeddable":true,"href":"https:\/\/leisch-kiesl.com\/en\/wp-json\/wp\/v2\/dipi_cpt_category?post=64"}],"curies":[{"name":"wp","href":"https:\/\/api.w.org\/{rel}","templated":true}]}}