{"id":66,"date":"2021-10-01T15:28:04","date_gmt":"2021-10-01T15:28:04","guid":{"rendered":"https:\/\/monika.web-work.at\/?page_id=66"},"modified":"2022-02-13T13:35:34","modified_gmt":"2022-02-13T13:35:34","slug":"online-magazine","status":"publish","type":"page","link":"https:\/\/leisch-kiesl.com\/en\/publikationen\/online-publikationen\/","title":{"rendered":"Online Publications"},"content":{"rendered":"<p>[et_pb_section fb_built=&#8220;1&#8243; _builder_version=&#8220;4.11.1&#8243; _module_preset=&#8220;default&#8220; background_color=&#8220;RGBA(0,0,0,0)&#8220; global_colors_info=&#8220;{}&#8220;][et_pb_row _builder_version=&#8220;4.11.1&#8243; _module_preset=&#8220;default&#8220; locked=&#8220;off&#8220; global_colors_info=&#8220;{}&#8220;][et_pb_column type=&#8220;4_4&#8243; _builder_version=&#8220;4.11.1&#8243; _module_preset=&#8220;default&#8220; global_colors_info=&#8220;{}&#8220;][et_pb_text _builder_version=&#8220;4.11.0&#8243; _module_preset=&#8220;default&#8220; header_font=&#8220;Nunito|700|||||||&#8220; custom_padding=&#8220;10px|10px|10px|10px|true|true&#8220; global_colors_info=&#8220;{}&#8220;]<\/p>\n<div class=\"fusion-title title fusion-title-1 fusion-title-text fusion-title-size-one\">\n<h1 class=\"title-heading-left fusion-responsive-typography-calculated\" data-fontsize=\"34\" data-lineheight=\"47.6px\">2010er<\/h1>\n<\/div>\n<p>[\/et_pb_text][\/et_pb_column][\/et_pb_row][et_pb_row column_structure=&#8220;1_2,1_2&#8243; make_equal=&#8220;on&#8220; _builder_version=&#8220;4.11.1&#8243; background_size=&#8220;initial&#8220; background_position=&#8220;top_left&#8220; background_repeat=&#8220;repeat&#8220; locked=&#8220;off&#8220; global_colors_info=&#8220;{}&#8220;][et_pb_column type=&#8220;1_2&#8243; _builder_version=&#8220;4.11.1&#8243; background_color=&#8220;RGBA(0,0,0,0)&#8220; custom_padding=&#8220;|||&#8220; custom_css_main_element=&#8220;margin: 0;&#8220; global_colors_info=&#8220;{}&#8220; custom_padding__hover=&#8220;|||&#8220;][et_pb_text _builder_version=&#8220;4.11.1&#8243; _module_preset=&#8220;default&#8220; header_2_font=&#8220;|700|||||||&#8220; header_2_font_size=&#8220;20px&#8220; background_color=&#8220;#f6f6f6&#8243; custom_padding=&#8220;22px|22px|22px|22px|false|true&#8220; custom_css_main_element=&#8220;height: 100%;&#8220; box_shadow_style=&#8220;preset3&#8243; global_colors_info=&#8220;{}&#8220;]<\/p>\n<h5 style=\"--fontsize: 16; line-height: 1.5; --minfontsize: 16;\" data-fontsize=\"16\" data-lineheight=\"24px\" class=\"fusion-responsive-typography-calculated\">Carla Amina Baghajati &amp; Monika Leisch-Kiesl, Religion und Geschlecht bei Elfriede Jelinek am Beispiel von <em>Das Wort als Fleisch verkleidet<br \/><\/em><\/h5>\n<p>Ein Emailwechsel, Dezember 2016 \u2013 Januar 2017, in: TABU: Bruch. \u00dcberschreitungen von K\u00fcnstlerinnen. Interkulturelles Wissenschaftsportal der Forschungsplattform Elfriede Jelinek<br \/>online unter:<a href=\"https:\/\/jelinekgender.univie.ac.at\/religion\/baghajati-leisch-kiesl-religion-und-geschlecht\/\" target=\"_blank\" rel=\"noopener noreferrer\"> TABU: Bruch<\/a><\/p>\n<p>[\/et_pb_text][\/et_pb_column][et_pb_column type=&#8220;1_2&#8243; _builder_version=&#8220;4.11.1&#8243; background_color=&#8220;RGBA(0,0,0,0)&#8220; custom_padding=&#8220;|||&#8220; custom_css_main_element=&#8220;margin: 0;&#8220; global_colors_info=&#8220;{}&#8220; custom_padding__hover=&#8220;|||&#8220;][et_pb_text _builder_version=&#8220;4.11.1&#8243; _module_preset=&#8220;default&#8220; header_2_font=&#8220;|700|||||||&#8220; header_2_font_size=&#8220;20px&#8220; background_color=&#8220;#f6f6f6&#8243; custom_padding=&#8220;22px|22px|22px|22px|false|true&#8220; custom_css_main_element=&#8220;height: 100%;&#8220; box_shadow_style=&#8220;preset3&#8243; global_colors_info=&#8220;{}&#8220;]<\/p>\n<div class=\"fusion-text fusion-text-2\">\n<h5 style=\"--fontsize: 16; line-height: 1.5; --minfontsize: 16;\" data-fontsize=\"16\" data-lineheight=\"24px\" class=\"fusion-responsive-typography-calculated\">Die Kinder der Toten_MARIAZELL<\/h5>\n<p>in: TABU: Bruch. \u00dcberschreitungen von K\u00fcnstlerinnen. Interkulturelles Wissenschaftsportal der Forschungsplattform Elfriede Jelinek, 24.04.2014<br \/>online unter:\u00a0<a href=\"https:\/\/jelinektabu.univie.ac.at\/religion\/machtinstanz\/monika-leisch-kiesl\/\" target=\"_blank\" rel=\"noopener noreferrer\">TABU: Bruch<\/a><\/p>\n<\/div>\n<p>[\/et_pb_text][\/et_pb_column][\/et_pb_row][et_pb_row _builder_version=&#8220;4.11.1&#8243; _module_preset=&#8220;default&#8220; locked=&#8220;off&#8220; global_colors_info=&#8220;{}&#8220;][et_pb_column type=&#8220;4_4&#8243; _builder_version=&#8220;4.11.1&#8243; _module_preset=&#8220;default&#8220; global_colors_info=&#8220;{}&#8220;][et_pb_text _builder_version=&#8220;4.14.7&#8243; _module_preset=&#8220;default&#8220; header_font=&#8220;Nunito|700|||||||&#8220; custom_padding=&#8220;10px|10px|10px|10px|true|true&#8220; global_colors_info=&#8220;{}&#8220;]<\/p>\n<div class=\"fusion-title title fusion-title-1 fusion-title-text fusion-title-size-one\">\n<h1 class=\"title-heading-left fusion-responsive-typography-calculated\" data-fontsize=\"34\" data-lineheight=\"47.6px\">2000er<\/h1>\n<\/div>\n<p>[\/et_pb_text][\/et_pb_column][\/et_pb_row][et_pb_row column_structure=&#8220;1_2,1_2&#8243; make_equal=&#8220;on&#8220; _builder_version=&#8220;4.11.1&#8243; background_size=&#8220;initial&#8220; background_position=&#8220;top_left&#8220; background_repeat=&#8220;repeat&#8220; locked=&#8220;off&#8220; global_colors_info=&#8220;{}&#8220;][et_pb_column type=&#8220;1_2&#8243; _builder_version=&#8220;4.11.1&#8243; background_color=&#8220;RGBA(0,0,0,0)&#8220; custom_padding=&#8220;|||&#8220; custom_css_main_element=&#8220;margin: 0;&#8220; global_colors_info=&#8220;{}&#8220; custom_padding__hover=&#8220;|||&#8220;][et_pb_text _builder_version=&#8220;4.11.1&#8243; _module_preset=&#8220;default&#8220; header_2_font=&#8220;|700|||||||&#8220; header_2_font_size=&#8220;20px&#8220; background_color=&#8220;#f6f6f6&#8243; custom_padding=&#8220;22px|22px|22px|22px|false|true&#8220; custom_css_main_element=&#8220;height: 100%;&#8220; box_shadow_style=&#8220;preset3&#8243; global_colors_info=&#8220;{}&#8220;]<\/p>\n<h5 style=\"--fontsize: 16; line-height: 1.5; --minfontsize: 16;\" data-fontsize=\"16\" data-lineheight=\"24px\" class=\"fusion-responsive-typography-calculated\">Den Kunstbegriff gilt es auf Punktgr\u00f6\u00dfe zu verengen. Kunst des 20. Jahrhunderts und der Gegenwart in muslimischen L\u00e4ndern<br \/>Sektionsbericht der Internationalen Konferenz \u2039Das Verbindende der Kulturen\u203a, Wien Dezember 2005<\/h5>\n<p>in: Arlt, Herbert (Hg.),Innovationen und Reproduktionen in Kulturen und Gesellschaften \/ Innovations and Reproductions in Cultures and Societies \/ Innovations et reproductions dans les cultures et les soci\u00e9t\u00e9s (TRANS Studien 6), Wien, 2006, 280\u2013281<br \/>online unter: <a href=\"http:\/\/www.inst.at\/trans\/16Nr\/06_5\/6_5inhalt16.htm\" target=\"_blank\" rel=\"noopener noreferrer\">Trans 16<\/a><\/p>\n<p>[\/et_pb_text][\/et_pb_column][et_pb_column type=&#8220;1_2&#8243; _builder_version=&#8220;4.11.1&#8243; background_color=&#8220;RGBA(0,0,0,0)&#8220; custom_padding=&#8220;|||&#8220; custom_css_main_element=&#8220;margin: 0;&#8220; global_colors_info=&#8220;{}&#8220; custom_padding__hover=&#8220;|||&#8220;][et_pb_text _builder_version=&#8220;4.11.1&#8243; _module_preset=&#8220;default&#8220; header_2_font=&#8220;|700|||||||&#8220; header_2_font_size=&#8220;20px&#8220; background_color=&#8220;#f6f6f6&#8243; custom_padding=&#8220;22px|22px|22px|22px|false|true&#8220; custom_css_main_element=&#8220;height: 100%;&#8220; box_shadow_style=&#8220;preset3&#8243; global_colors_info=&#8220;{}&#8220;]<\/p>\n<div class=\"fusion-text fusion-text-4\">\n<h5 style=\"--fontsize: 16; line-height: 1.5; --minfontsize: 16;\" data-fontsize=\"16\" data-lineheight=\"24px\" class=\"fusion-responsive-typography-calculated\">Den Kunstbegriff gilt es auf Punktgr\u00f6\u00dfe zu verengen. Kunst als Raum der Kommunikation<br \/>Sektionsbericht der Internationalen Konferenz \u2039Das Verbindende der Kulturen\u203a, Wien, November 2003<\/h5>\n<p>in: Arlt, Herbert (Hg.), Das Verbindende der Kulturen \/ The Unifying Aspects of Cultures \/ Les points communs des cultures (TRANS Studien 1), Wien 2004, 273\u2013276<br \/>online unter: <a href=\"http:\/\/www.inst.at\/trans\/15Nr\/05_14\/05_14inhalt15.htm\" target=\"_blank\" rel=\"noopener noreferrer\">Trans 15<\/a><\/p>\n<\/div>\n<p>[\/et_pb_text][\/et_pb_column][\/et_pb_row][et_pb_row _builder_version=&#8220;4.11.1&#8243; _module_preset=&#8220;default&#8220; locked=&#8220;off&#8220; global_colors_info=&#8220;{}&#8220;][et_pb_column type=&#8220;4_4&#8243; _builder_version=&#8220;4.11.1&#8243; _module_preset=&#8220;default&#8220; global_colors_info=&#8220;{}&#8220;][et_pb_text _builder_version=&#8220;4.11.0&#8243; _module_preset=&#8220;default&#8220; header_font=&#8220;Nunito|700|||||||&#8220; custom_padding=&#8220;10px|10px|10px|10px|true|true&#8220; global_colors_info=&#8220;{}&#8220;]<\/p>\n<div class=\"fusion-title title fusion-title-1 fusion-title-text fusion-title-size-one\">\n<h1 class=\"title-heading-left fusion-responsive-typography-calculated\" data-fontsize=\"34\" data-lineheight=\"47.6px\">1990er<\/h1>\n<\/div>\n<p>[\/et_pb_text][\/et_pb_column][\/et_pb_row][et_pb_row column_structure=&#8220;1_2,1_2&#8243; make_equal=&#8220;on&#8220; _builder_version=&#8220;4.11.1&#8243; background_size=&#8220;initial&#8220; background_position=&#8220;top_left&#8220; background_repeat=&#8220;repeat&#8220; locked=&#8220;off&#8220; global_colors_info=&#8220;{}&#8220;][et_pb_column type=&#8220;1_2&#8243; _builder_version=&#8220;4.11.1&#8243; background_color=&#8220;RGBA(0,0,0,0)&#8220; custom_padding=&#8220;|||&#8220; custom_css_main_element=&#8220;margin: 0;&#8220; global_colors_info=&#8220;{}&#8220; custom_padding__hover=&#8220;|||&#8220;][et_pb_text _builder_version=&#8220;4.11.1&#8243; _module_preset=&#8220;default&#8220; header_2_font=&#8220;|700|||||||&#8220; header_2_font_size=&#8220;20px&#8220; background_color=&#8220;#f6f6f6&#8243; custom_padding=&#8220;22px|22px|22px|22px|false|true&#8220; custom_css_main_element=&#8220;height: 100%;&#8220; box_shadow_style=&#8220;preset3&#8243; global_colors_info=&#8220;{}&#8220;]<\/p>\n<div class=\"fusion-text fusion-text-5\">\n<div class=\"fusion-text fusion-text-5\">\n<h5 style=\"--fontsize: 16; line-height: 1.5; --minfontsize: 16;\" data-fontsize=\"16\" data-lineheight=\"24px\" class=\"fusion-responsive-typography-calculated\">\u00abAls alle Dinge \u2026\u00bb Ein Werk des 20. Jahrhunderts im Gespr\u00e4ch mit einem mittelalterlichen Theologen, 1997<\/h5>\n<p>gek\u00fcrzte Fassung unter: statements_dies_2003<br \/>online unter: <a href=\"https:\/\/www.academia.edu\/34862650\/_Als_alle_Dinge_..._Ein_Werk_des_20._Jahrhunderts_im_Gespr%C3%A4ch_mit_einem_mittelalterlichen_Theologen_Monika_Leisch-Kiesl_1995\" target=\"_blank\" rel=\"noopener noreferrer\">Academia.edu<\/a><\/p>\n<\/div>\n<\/div>\n<p>[\/et_pb_text][\/et_pb_column][et_pb_column type=&#8220;1_2&#8243; _builder_version=&#8220;4.11.1&#8243; background_color=&#8220;RGBA(0,0,0,0)&#8220; custom_padding=&#8220;|||&#8220; custom_css_main_element=&#8220;margin: 0;&#8220; global_colors_info=&#8220;{}&#8220; custom_padding__hover=&#8220;|||&#8220;][\/et_pb_column][\/et_pb_row][\/et_pb_section]<\/p>\n","protected":false},"excerpt":{"rendered":"<p>2010er Carla Amina Baghajati &amp; Monika Leisch-Kiesl, Religion und Geschlecht bei Elfriede Jelinek am Beispiel von Das Wort als Fleisch verkleidet Ein Emailwechsel, Dezember 2016 \u2013 Januar 2017, in: TABU: Bruch. \u00dcberschreitungen von K\u00fcnstlerinnen. Interkulturelles Wissenschaftsportal der Forschungsplattform Elfriede Jelinekonline unter: TABU: Bruch Die Kinder der Toten_MARIAZELL in: TABU: Bruch. \u00dcberschreitungen von K\u00fcnstlerinnen. Interkulturelles Wissenschaftsportal [&hellip;]<\/p>\n","protected":false},"author":1,"featured_media":18,"parent":608,"menu_order":6,"comment_status":"closed","ping_status":"closed","template":"","meta":{"_et_pb_use_builder":"on","_et_pb_old_content":"","_et_gb_content_width":"","footnotes":""},"dipi_cpt_category":[],"class_list":["post-66","page","type-page","status-publish","has-post-thumbnail","hentry"],"yoast_head":"<!-- This site is optimized with the Yoast SEO plugin v27.5 - https:\/\/yoast.com\/product\/yoast-seo-wordpress\/ -->\n<title>Online-Publikationen - Monika Leisch-Kiesl<\/title>\n<meta name=\"description\" content=\"Online Publikationen unter Academia.edu, Trans 16, Trans 15 und TABU:Bruch\" \/>\n<meta name=\"robots\" content=\"index, follow, max-snippet:-1, max-image-preview:large, max-video-preview:-1\" \/>\n<link rel=\"canonical\" href=\"https:\/\/leisch-kiesl.com\/en\/publications\/online-magazine\/\" \/>\n<meta property=\"og:locale\" content=\"en_GB\" \/>\n<meta property=\"og:type\" content=\"article\" \/>\n<meta property=\"og:title\" content=\"Online-Publikationen - Monika Leisch-Kiesl\" \/>\n<meta property=\"og:description\" content=\"Online Publikationen unter Academia.edu, Trans 16, Trans 15 und TABU:Bruch\" \/>\n<meta property=\"og:url\" content=\"https:\/\/leisch-kiesl.com\/en\/publications\/online-magazine\/\" \/>\n<meta property=\"og:site_name\" content=\"Monika Leisch-Kiesl\" \/>\n<meta property=\"article:modified_time\" content=\"2022-02-13T13:35:34+00:00\" \/>\n<meta property=\"og:image\" content=\"https:\/\/leisch-kiesl.com\/wp-content\/uploads\/2021\/10\/SCHATTEN01.jpeg\" \/>\n\t<meta property=\"og:image:width\" content=\"2341\" \/>\n\t<meta property=\"og:image:height\" content=\"1949\" \/>\n\t<meta property=\"og:image:type\" content=\"image\/jpeg\" \/>\n<meta name=\"twitter:card\" content=\"summary_large_image\" \/>\n<meta name=\"twitter:label1\" content=\"Estimated reading time\" \/>\n\t<meta name=\"twitter:data1\" content=\"4 minutes\" \/>\n<script type=\"application\/ld+json\" class=\"yoast-schema-graph\">{\"@context\":\"https:\\\/\\\/schema.org\",\"@graph\":[{\"@type\":\"WebPage\",\"@id\":\"https:\\\/\\\/leisch-kiesl.com\\\/publikationen\\\/online-publikationen\\\/\",\"url\":\"https:\\\/\\\/leisch-kiesl.com\\\/publikationen\\\/online-publikationen\\\/\",\"name\":\"Online-Publikationen - Monika Leisch-Kiesl\",\"isPartOf\":{\"@id\":\"https:\\\/\\\/leisch-kiesl.com\\\/#website\"},\"primaryImageOfPage\":{\"@id\":\"https:\\\/\\\/leisch-kiesl.com\\\/publikationen\\\/online-publikationen\\\/#primaryimage\"},\"image\":{\"@id\":\"https:\\\/\\\/leisch-kiesl.com\\\/publikationen\\\/online-publikationen\\\/#primaryimage\"},\"thumbnailUrl\":\"https:\\\/\\\/leisch-kiesl.com\\\/wp-content\\\/uploads\\\/2021\\\/10\\\/SCHATTEN01.jpeg\",\"datePublished\":\"2021-10-01T15:28:04+00:00\",\"dateModified\":\"2022-02-13T13:35:34+00:00\",\"description\":\"Online Publikationen unter Academia.edu, Trans 16, Trans 15 und TABU:Bruch\",\"breadcrumb\":{\"@id\":\"https:\\\/\\\/leisch-kiesl.com\\\/publikationen\\\/online-publikationen\\\/#breadcrumb\"},\"inLanguage\":\"en-GB\",\"potentialAction\":[{\"@type\":\"ReadAction\",\"target\":[\"https:\\\/\\\/leisch-kiesl.com\\\/publikationen\\\/online-publikationen\\\/\"]}]},{\"@type\":\"ImageObject\",\"inLanguage\":\"en-GB\",\"@id\":\"https:\\\/\\\/leisch-kiesl.com\\\/publikationen\\\/online-publikationen\\\/#primaryimage\",\"url\":\"https:\\\/\\\/leisch-kiesl.com\\\/wp-content\\\/uploads\\\/2021\\\/10\\\/SCHATTEN01.jpeg\",\"contentUrl\":\"https:\\\/\\\/leisch-kiesl.com\\\/wp-content\\\/uploads\\\/2021\\\/10\\\/SCHATTEN01.jpeg\",\"width\":2341,\"height\":1949},{\"@type\":\"BreadcrumbList\",\"@id\":\"https:\\\/\\\/leisch-kiesl.com\\\/publikationen\\\/online-publikationen\\\/#breadcrumb\",\"itemListElement\":[{\"@type\":\"ListItem\",\"position\":1,\"name\":\"Startseite\",\"item\":\"https:\\\/\\\/leisch-kiesl.com\\\/\"},{\"@type\":\"ListItem\",\"position\":2,\"name\":\"Publikationen\",\"item\":\"https:\\\/\\\/leisch-kiesl.com\\\/en\\\/publications\\\/\"},{\"@type\":\"ListItem\",\"position\":3,\"name\":\"Online-Publikationen\"}]},{\"@type\":\"WebSite\",\"@id\":\"https:\\\/\\\/leisch-kiesl.com\\\/#website\",\"url\":\"https:\\\/\\\/leisch-kiesl.com\\\/\",\"name\":\"Monika Leisch-Kiesl\",\"description\":\"\",\"potentialAction\":[{\"@type\":\"SearchAction\",\"target\":{\"@type\":\"EntryPoint\",\"urlTemplate\":\"https:\\\/\\\/leisch-kiesl.com\\\/?s={search_term_string}\"},\"query-input\":{\"@type\":\"PropertyValueSpecification\",\"valueRequired\":true,\"valueName\":\"search_term_string\"}}],\"inLanguage\":\"en-GB\"}]}<\/script>\n<!-- \/ Yoast SEO plugin. -->","yoast_head_json":{"title":"Online Magazine - Monika Leisch-Kiesl","description":"Online Publikationen unter Academia.edu, Trans 16, Trans 15 und TABU:Bruch","robots":{"index":"index","follow":"follow","max-snippet":"max-snippet:-1","max-image-preview":"max-image-preview:large","max-video-preview":"max-video-preview:-1"},"canonical":"https:\/\/leisch-kiesl.com\/en\/publications\/online-magazine\/","og_locale":"en_GB","og_type":"article","og_title":"Online-Publikationen - Monika Leisch-Kiesl","og_description":"Online Publikationen unter Academia.edu, Trans 16, Trans 15 und TABU:Bruch","og_url":"https:\/\/leisch-kiesl.com\/en\/publications\/online-magazine\/","og_site_name":"Monika Leisch-Kiesl","article_modified_time":"2022-02-13T13:35:34+00:00","og_image":[{"width":2341,"height":1949,"url":"https:\/\/leisch-kiesl.com\/wp-content\/uploads\/2021\/10\/SCHATTEN01.jpeg","type":"image\/jpeg"}],"twitter_card":"summary_large_image","twitter_misc":{"Estimated reading time":"4 minutes"},"schema":{"@context":"https:\/\/schema.org","@graph":[{"@type":"WebPage","@id":"https:\/\/leisch-kiesl.com\/publikationen\/online-publikationen\/","url":"https:\/\/leisch-kiesl.com\/publikationen\/online-publikationen\/","name":"Online Magazine - Monika Leisch-Kiesl","isPartOf":{"@id":"https:\/\/leisch-kiesl.com\/#website"},"primaryImageOfPage":{"@id":"https:\/\/leisch-kiesl.com\/publikationen\/online-publikationen\/#primaryimage"},"image":{"@id":"https:\/\/leisch-kiesl.com\/publikationen\/online-publikationen\/#primaryimage"},"thumbnailUrl":"https:\/\/leisch-kiesl.com\/wp-content\/uploads\/2021\/10\/SCHATTEN01.jpeg","datePublished":"2021-10-01T15:28:04+00:00","dateModified":"2022-02-13T13:35:34+00:00","description":"Online Publikationen unter Academia.edu, Trans 16, Trans 15 und TABU:Bruch","breadcrumb":{"@id":"https:\/\/leisch-kiesl.com\/publikationen\/online-publikationen\/#breadcrumb"},"inLanguage":"en-GB","potentialAction":[{"@type":"ReadAction","target":["https:\/\/leisch-kiesl.com\/publikationen\/online-publikationen\/"]}]},{"@type":"ImageObject","inLanguage":"en-GB","@id":"https:\/\/leisch-kiesl.com\/publikationen\/online-publikationen\/#primaryimage","url":"https:\/\/leisch-kiesl.com\/wp-content\/uploads\/2021\/10\/SCHATTEN01.jpeg","contentUrl":"https:\/\/leisch-kiesl.com\/wp-content\/uploads\/2021\/10\/SCHATTEN01.jpeg","width":2341,"height":1949},{"@type":"BreadcrumbList","@id":"https:\/\/leisch-kiesl.com\/publikationen\/online-publikationen\/#breadcrumb","itemListElement":[{"@type":"ListItem","position":1,"name":"Startseite","item":"https:\/\/leisch-kiesl.com\/"},{"@type":"ListItem","position":2,"name":"Publikationen","item":"https:\/\/leisch-kiesl.com\/en\/publications\/"},{"@type":"ListItem","position":3,"name":"Online-Publikationen"}]},{"@type":"WebSite","@id":"https:\/\/leisch-kiesl.com\/#website","url":"https:\/\/leisch-kiesl.com\/","name":"Monika Leisch-Kiesl","description":"","potentialAction":[{"@type":"SearchAction","target":{"@type":"EntryPoint","urlTemplate":"https:\/\/leisch-kiesl.com\/?s={search_term_string}"},"query-input":{"@type":"PropertyValueSpecification","valueRequired":true,"valueName":"search_term_string"}}],"inLanguage":"en-GB"}]}},"_links":{"self":[{"href":"https:\/\/leisch-kiesl.com\/en\/wp-json\/wp\/v2\/pages\/66","targetHints":{"allow":["GET"]}}],"collection":[{"href":"https:\/\/leisch-kiesl.com\/en\/wp-json\/wp\/v2\/pages"}],"about":[{"href":"https:\/\/leisch-kiesl.com\/en\/wp-json\/wp\/v2\/types\/page"}],"author":[{"embeddable":true,"href":"https:\/\/leisch-kiesl.com\/en\/wp-json\/wp\/v2\/users\/1"}],"replies":[{"embeddable":true,"href":"https:\/\/leisch-kiesl.com\/en\/wp-json\/wp\/v2\/comments?post=66"}],"version-history":[{"count":4,"href":"https:\/\/leisch-kiesl.com\/en\/wp-json\/wp\/v2\/pages\/66\/revisions"}],"predecessor-version":[{"id":1009,"href":"https:\/\/leisch-kiesl.com\/en\/wp-json\/wp\/v2\/pages\/66\/revisions\/1009"}],"up":[{"embeddable":true,"href":"https:\/\/leisch-kiesl.com\/en\/wp-json\/wp\/v2\/pages\/608"}],"wp:featuredmedia":[{"embeddable":true,"href":"https:\/\/leisch-kiesl.com\/en\/wp-json\/wp\/v2\/media\/18"}],"wp:attachment":[{"href":"https:\/\/leisch-kiesl.com\/en\/wp-json\/wp\/v2\/media?parent=66"}],"wp:term":[{"taxonomy":"dipi_cpt_category","embeddable":true,"href":"https:\/\/leisch-kiesl.com\/en\/wp-json\/wp\/v2\/dipi_cpt_category?post=66"}],"curies":[{"name":"wp","href":"https:\/\/api.w.org\/{rel}","templated":true}]}}