{"id":711,"date":"2022-01-02T15:08:46","date_gmt":"2022-01-02T15:08:46","guid":{"rendered":"https:\/\/monika.web-work.at\/?page_id=711"},"modified":"2022-03-11T16:12:52","modified_gmt":"2022-03-11T16:12:52","slug":"imprint","status":"publish","type":"page","link":"https:\/\/leisch-kiesl.com\/en\/impressum\/","title":{"rendered":"Imprint"},"content":{"rendered":"<p>[et_pb_section fb_built=&#8220;1&#8243; _builder_version=&#8220;4.11.1&#8243; _module_preset=&#8220;default&#8220; background_color=&#8220;RGBA(0,0,0,0)&#8220; global_colors_info=&#8220;{}&#8220;][et_pb_row make_equal=&#8220;on&#8220; _builder_version=&#8220;4.14.4&#8243; _module_preset=&#8220;default&#8220; global_colors_info=&#8220;{}&#8220;][et_pb_column type=&#8220;4_4&#8243; _builder_version=&#8220;4.14.4&#8243; _module_preset=&#8220;default&#8220; background_color=&#8220;RGBA(255,255,255,0)&#8220; custom_padding=&#8220;15px|15px|15px|15px|false|false&#8220; custom_css_main_element=&#8220;margin: auto;&#8220; global_colors_info=&#8220;{}&#8220;][et_pb_text _builder_version=&#8220;4.14.4&#8243; _module_preset=&#8220;default&#8220; global_colors_info=&#8220;{}&#8220;]<\/p>\n<h1>Impressum<\/h1>\n<h2>Medieninhaber<\/h2>\n<p>[\/et_pb_text][et_pb_text _builder_version=&#8220;4.14.9&#8243; _module_preset=&#8220;default&#8220; background_color=&#8220;#f6f6f6&#8243; custom_padding=&#8220;15px|15px|15px|15px|true|true&#8220; hover_enabled=&#8220;0&#8243; global_colors_info=&#8220;{}&#8220; sticky_enabled=&#8220;0&#8243;]<\/p>\n<p>DDr. Monika Leisch-Kiesl<br \/>4040 Linz<br \/>Schlagerweg 6 | Austria<\/p>\n<p>+43 676 375 69 90<br \/>office@leisch-kiesl.com<\/p>\n<p>English Translations: Monika Leisch-Kiesl<br \/>Copy-Editing; Rose-Anne Gush<\/p>\n<p>Grafische Beratung: SR, Basel<br \/>Layout und Programmierung: <a href=\"https:\/\/creative-web.work\/\" target=\"_blank\" rel=\"noopener\">Rebecca Rottensteiner, Linz<\/a><\/p>\n<p>[\/et_pb_text][et_pb_text admin_label=&#8220;Urheberrecht&#8220; _builder_version=&#8220;4.14.4&#8243; _module_preset=&#8220;default&#8220; global_colors_info=&#8220;{}&#8220;]<\/p>\n<h1>Urheberrecht<\/h1>\n<p>[\/et_pb_text][et_pb_text _builder_version=&#8220;4.14.4&#8243; _module_preset=&#8220;default&#8220; background_color=&#8220;#f6f6f6&#8243; custom_padding=&#8220;15px|15px|15px|15px|true|true&#8220; global_colors_info=&#8220;{}&#8220;]<\/p>\n<p>Die Webseite in ihrer Gesamtheit, als auch in ihren Teilen (Bilder, Graphiken, Fotos, Texte, etc.) sind urheberrechtlich gesch\u00fctzt. Die Informationen sind nur f\u00fcr die pers\u00f6nliche, nicht kommerzielle Verwendung bestimmt. Jede den Bestimmungen des \u00f6sterreichischen Urheberrechtgesetzes widersprechende Verwertung, Vervielf\u00e4ltigung, Ver\u00f6ffentlichung und Weitergabe an Dritte jeglicher Inhalte dieser Webseite ist, ohne vorherige ausdr\u00fcckliche Zustimmung der Inhaberin DDr. Monika Leisch-Kiesl, untersagt.<\/p>\n<p>Es ist Dritten nicht gestattet, die hier ver\u00f6ffentlichten Kontaktdaten wie Postanschriften, Telefon- und Faxnummern sowie E-Mailadressen zur \u00dcbersendung von nicht ausdr\u00fccklich angeforderten Informationen zu nutzen.<\/p>\n<p>[\/et_pb_text][et_pb_text admin_label=&#8220;Haftungsausschluss&#8220; _builder_version=&#8220;4.14.4&#8243; _module_preset=&#8220;default&#8220; global_colors_info=&#8220;{}&#8220;]<\/p>\n<h2>Haftungsausschluss<\/h2>\n<p>[\/et_pb_text][et_pb_text _builder_version=&#8220;4.14.4&#8243; _module_preset=&#8220;default&#8220; background_color=&#8220;#f6f6f6&#8243; custom_padding=&#8220;15px|15px|15px|15px|true|true&#8220; global_colors_info=&#8220;{}&#8220;]Die Inhaberin DDr. Monika Leisch-Kiesl als Betreiber und Autor dieser Website ist bestrebt, die bereitgestellten Informationen, Daten und Inhalte nach bestem Wissen und Gewissen aktuell, vollst\u00e4ndig und richtig zu halten. Dennoch kann eine Gew\u00e4hrleistung hierf\u00fcr nicht \u00fcbernommen werden. Insbesondere ist die Haftung f\u00fcr Sch\u00e4den, technische Beeintr\u00e4chtigungen und Nachteile die durch die Nutzung fehlerhafter, nicht aktueller oder unvollst\u00e4ndiger Informationen und Daten dieser Seite entstanden sind, ausgeschlossen.[\/et_pb_text][et_pb_text admin_label=&#8220;Haftung f\u00fcr Links&#8220; _builder_version=&#8220;4.14.4&#8243; _module_preset=&#8220;default&#8220; global_colors_info=&#8220;{}&#8220;]<\/p>\n<h2>Haftung f\u00fcr Links<\/h2>\n<p>[\/et_pb_text][et_pb_text _builder_version=&#8220;4.14.4&#8243; _module_preset=&#8220;default&#8220; background_color=&#8220;#f6f6f6&#8243; custom_padding=&#8220;15px|15px|15px|15px|true|true&#8220; global_colors_info=&#8220;{}&#8220;]Soweit auf dieser Website Verkn\u00fcpfungen zu externen Internetseiten verwendet werden, ist die Haftung f\u00fcr Inhalte und Richtigkeit dieser ausgeschlossen. Hierf\u00fcr ist der jeweilige Informationsanbieter der verlinkten Website verantwortlich. Die zur Verf\u00fcgung gestellten externen Links werden sorgf\u00e4ltig gepr\u00fcft und sind zum Zeitpunkt der Vornahme der Verlinkung keine Rechtsverst\u00f6\u00dfe erkennbar. Werden illegale, fehlerhafte, beleidigende oder sittenwidrige Inhalte auf der gelinkten Seite bekannt, wird der jeweilige Link umgehend entfernt.<\/p>\n<p>Umgekehrt wird auch keine Haftung f\u00fcr fremde Webseiten \u00fcbernommen, von denen auf diese Seite verwiesen wird.[\/et_pb_text][et_pb_text admin_label=&#8220;Datenschutzerkl\u00e4rung&#8220; _builder_version=&#8220;4.14.4&#8243; _module_preset=&#8220;default&#8220; global_colors_info=&#8220;{}&#8220;]<\/p>\n<h2>Datenschutzerkl\u00e4rung<\/h2>\n<p>[\/et_pb_text][et_pb_text _builder_version=&#8220;4.14.4&#8243; _module_preset=&#8220;default&#8220; background_color=&#8220;#f6f6f6&#8243; custom_padding=&#8220;15px|15px|15px|15px|true|true&#8220; global_colors_info=&#8220;{}&#8220;]Die Betreiber dieser Seiten nehmen den Schutz Ihrer pers\u00f6nlichen Daten sehr ernst. Wir behandeln Ihre personenbezogenen Daten vertraulich und entsprechend der gesetzlichen Datenschutzvorschriften sowie dieser Datenschutzerkl\u00e4rung. Die Nutzung unserer Webseite ist in der Regel ohne Angabe personenbezogener Daten m\u00f6glich. Soweit auf unseren Seiten personenbezogene Daten (beispielsweise Name, Anschrift oder E-Mail-Adressen) erhoben werden, erfolgt dies, soweit m\u00f6glich, stets auf freiwilliger Basis. Diese Daten werden ohne Ihre ausdr\u00fcckliche Zustimmung nicht an Dritte weitergegeben. Wir weisen darauf hin, dass die Daten\u00fcbertragung im Internet (z.B. bei der Kommunikation per E-Mail) Sicherheitsl\u00fccken aufweisen kann. Ein l\u00fcckenloser Schutz der Daten vor dem Zugriff durch Dritte ist nicht m\u00f6glich.[\/et_pb_text][et_pb_text admin_label=&#8220;Widerspruch Werbe-Mails&#8220; _builder_version=&#8220;4.14.4&#8243; _module_preset=&#8220;default&#8220; global_colors_info=&#8220;{}&#8220;]<\/p>\n<h2>Widerspruch Werbe-Mails<\/h2>\n<p>[\/et_pb_text][et_pb_text _builder_version=&#8220;4.14.4&#8243; _module_preset=&#8220;default&#8220; background_color=&#8220;#f6f6f6&#8243; custom_padding=&#8220;15px|15px|15px|15px|true|true&#8220; global_colors_info=&#8220;{}&#8220;]Der Nutzung von im Rahmen der Impressumspflicht ver\u00f6ffentlichten Kontaktdaten zur \u00dcbersendung von nicht ausdr\u00fccklich angeforderter Werbung und Informationsmaterialien wird hiermit widersprochen. Die Betreiber der Seiten behalten sich ausdr\u00fccklich rechtliche Schritte im Falle der unverlangten Zusendung von Werbeinformationen, etwa durch Spam-E-Mails, vor.[\/et_pb_text][et_pb_text admin_label=&#8220;Cookies&#8220; _builder_version=&#8220;4.14.4&#8243; _module_preset=&#8220;default&#8220; global_colors_info=&#8220;{}&#8220;]<\/p>\n<h2>Cookies<\/h2>\n<p>[\/et_pb_text][et_pb_text _builder_version=&#8220;4.14.4&#8243; _module_preset=&#8220;default&#8220; background_color=&#8220;#f6f6f6&#8243; custom_padding=&#8220;15px|15px|15px|15px|true|true&#8220; global_colors_info=&#8220;{}&#8220;]Auf leisch-kiesl.com werden auch Cookies eingesetzt. Dabei handelt es sich um Textdateien mit Informationen zur Nutzung von leisch-kiesl.com (besuchte Webseiten, Anzahl der Besuche, Besuchszeiten, Verweildauer auf einzelnen Seiten, verwendeter Browser, verwendetes Betriebssystem usw.), die auf Ihrer Festplatte gespeichert werden, wenn Sie dies \u00fcber die Einstellung Ihres Browsers zulassen. Als reine Textdateien greifen Cookies nicht in das System Ihres Computers ein, sondern beeinflussen nur die Darstellung der Inhalte der von Ihnen besuchten Website. Die darin enthaltenen Nutzungsprofile werden anonymisiert und in einem technischen (statistischen) Bewertungsverfahren ausgewertet, um sp\u00e4ter bei der Einspielung von Internet-Werbung (z.B. Banner) auf anderen Webseiten eine auf die Interessen des jeweiligen Nutzers bezogene Auswahl zu erm\u00f6glichen. Es werden pseudonyme Cookies verwendet, von denen jeder eine zuf\u00e4llige Zahlen- bzw. Zahlen-Buchstabenkombination erh\u00e4lt, anhand derer sich feststellen l\u00e4sst, dass der Besuch vom selben Nutzer erfolgt. Wer dieser Nutzer ist, l\u00e4\u00dft sich anhand dieser Zahlenkombination nicht feststellen. Solche Cookies werden auch von unseren Dienstleistern verwendet. Daneben setzt die Website leisch-kiesl.com auch einen Cookie mit ihrer aktuellen, um das letzte Oktett gek\u00fcrzten IP-Adresse. Diese Cookies dienen vornehmlich der Erfassung der Verteilung der Banner, Einblendungen, der Z\u00e4hlung der Seitenaufrufe und der multimedialen Inhalte und damit dazu, die Nutzung einer Website einfacher und effektiver zu machen. In keinem Fall werden dabei Ihre personenbezogenen Daten in den Cookies gespeichert. M\u00f6chten Sie auf die Vorteile von Cookies verzichten und die Analyse des Nutzerverhaltens unterbinden, k\u00f6nnen Sie bereits in Ihrem Browser vorhandene Cookies l\u00f6schen und \u00fcber die Browsereinstellung Cookies f\u00fcr die Zukunft sperren. \u00dcber das Hilfemenu Ihres Browsers erfahren Sie, wie Sie diese Einstellungen vornehmen.[\/et_pb_text][et_pb_text admin_label=&#8220;Google Analytics&#8220; _builder_version=&#8220;4.14.4&#8243; _module_preset=&#8220;default&#8220; global_colors_info=&#8220;{}&#8220;]<\/p>\n<h2>Google Analytics<br \/>\n<\/h2>\n<p>[\/et_pb_text][et_pb_text _builder_version=&#8220;4.14.4&#8243; _module_preset=&#8220;default&#8220; background_color=&#8220;#f6f6f6&#8243; custom_padding=&#8220;15px|15px|15px|15px|true|true&#8220; global_colors_info=&#8220;{}&#8220;]<\/p>\n<p>Die durch den Cookie erzeugten Informationen \u00fcber Ihre Nutzung unserer Seite werden im Falle der Verwendung von Google Analytics, einem Service der Google Inc. (\u201eGoogle\u201c), grunds\u00e4tzlich an einen Server von Google in den USA \u00fcbertragen und dort gespeichert. Durch die IP-Anonymisierung auf dieser Webseite, wird Ihre IP-Adresse von Google jedoch innerhalb von Mitgliedsstaaten der EU oder in anderen Vertragsstaaten des Abkommens \u00fcber den europ\u00e4ischen Wirtschaftsraum zuvor gek\u00fcrzt. Nur in Ausnahmef\u00e4llen wird die volle IP-Adresse an einen Server von Google in den USA \u00fcbertragen und dort gek\u00fcrzt. In unserem Auftrag wird Google die erzeugten Informationen verwenden, um Ihre Nutzung unserer Website auszuwerten, um Reports \u00fcber die Websiteaktivit\u00e4ten f\u00fcr leisch-kiesl.com zusammenzustellen und um weitere mit der Websitenutzung und der Internetnutzung verbundene Dienstleistungen uns gegen\u00fcber zu erbringen. Google wird in keinem Fall die mit Google Analytics erhobene IP-Adresse mit anderen Daten von Google zusammenf\u00fchren. Google wird die mit Google Analytics erhobenen Informationen gegebenenfalls an Dritte \u00fcbertragen, sofern Google dazu gesetzlich verpflichtet ist oder soweit Dritte diese Daten im Auftrag von Google verarbeiten. Sie k\u00f6nnen die Speicherung auch dieser Cookies durch die oben genannten Einstellungen Ihres Browsers unterbinden. Sie k\u00f6nnen dar\u00fcber hinaus die Erfassung der durch das Cookie erzeugten und auf Ihre Nutzung der Website bezogenen Daten (inkl. Ihrer IP-Adresse) an Google sowie die Verarbeitung dieser Daten durch Google widersprechend und verhindern, indem sie das unter dem folgenden Link verf\u00fcgbare Browser-Plugin herunterladen und installieren:\u00a0<a href=\"https:\/\/tools.google.com\/dlpage\/gaoptout?hl=de\">https:\/\/tools.google.com\/dlpage\/gaoptout?hl=de<\/a>.<\/p>\n<p>Durch die Nutzung unserer Seite erkl\u00e4ren Sie sich mit der Bearbeitung der \u00fcber Sie erhobenen Daten durch Google in der zuvor beschriebenen Art und Weise und zu den genannten Zwecken einverstanden.<\/p>\n<p>Quelle: Erstellt mit dem\u00a0<a href=\"http:\/\/www.adsimple.at\/impressum-generator\/\" target=\"_blank\" rel=\"noopener\">Impressum Generator von adsimple.at<\/a><\/p>\n<p>[\/et_pb_text][\/et_pb_column][\/et_pb_row][\/et_pb_section]<\/p>\n","protected":false},"excerpt":{"rendered":"<p>Impressum MedieninhaberDDr. Monika Leisch-Kiesl4040 LinzSchlagerweg 6 | Austria +43 676 375 69 90office@leisch-kiesl.com English Translations: Monika Leisch-KieslCopy-Editing; Rose-Anne Gush Grafische Beratung: SR, BaselLayout und Programmierung: Rebecca Rottensteiner, LinzUrheberrechtDie Webseite in ihrer Gesamtheit, als auch in ihren Teilen (Bilder, Graphiken, Fotos, Texte, etc.) sind urheberrechtlich gesch\u00fctzt. Die Informationen sind nur f\u00fcr die pers\u00f6nliche, nicht kommerzielle Verwendung [&hellip;]<\/p>\n","protected":false},"author":1,"featured_media":18,"parent":0,"menu_order":19,"comment_status":"closed","ping_status":"closed","template":"","meta":{"_et_pb_use_builder":"on","_et_pb_old_content":"","_et_gb_content_width":"","footnotes":""},"dipi_cpt_category":[],"class_list":["post-711","page","type-page","status-publish","has-post-thumbnail","hentry"],"yoast_head":"<!-- This site is optimized with the Yoast SEO plugin v27.4 - https:\/\/yoast.com\/product\/yoast-seo-wordpress\/ -->\n<title>Impressum - Monika Leisch-Kiesl<\/title>\n<meta name=\"description\" content=\"Medieninhaberin: DDr. Monika Leisch-Kiesl. Die Webseite in ihrer Gesamtheit, als auch in ihren Teilen (Bilder, Graphiken, Fotos, Texte, etc.) sind urheberrechtlich gesch\u00fctzt. Die Informationen sind nur f\u00fcr die pers\u00f6nliche, nicht kommerzielle Verwendung bestimmt.\" \/>\n<meta name=\"robots\" content=\"index, follow, max-snippet:-1, max-image-preview:large, max-video-preview:-1\" \/>\n<link rel=\"canonical\" href=\"https:\/\/leisch-kiesl.com\/en\/imprint\/\" \/>\n<meta property=\"og:locale\" content=\"en_GB\" \/>\n<meta property=\"og:type\" content=\"article\" \/>\n<meta property=\"og:title\" content=\"Impressum - Monika Leisch-Kiesl\" \/>\n<meta property=\"og:description\" content=\"Medieninhaberin: DDr. Monika Leisch-Kiesl. Die Webseite in ihrer Gesamtheit, als auch in ihren Teilen (Bilder, Graphiken, Fotos, Texte, etc.) sind urheberrechtlich gesch\u00fctzt. Die Informationen sind nur f\u00fcr die pers\u00f6nliche, nicht kommerzielle Verwendung bestimmt.\" \/>\n<meta property=\"og:url\" content=\"https:\/\/leisch-kiesl.com\/en\/imprint\/\" \/>\n<meta property=\"og:site_name\" content=\"Monika Leisch-Kiesl\" \/>\n<meta property=\"article:modified_time\" content=\"2022-03-11T16:12:52+00:00\" \/>\n<meta property=\"og:image\" content=\"https:\/\/leisch-kiesl.com\/wp-content\/uploads\/2021\/10\/SCHATTEN01.jpeg\" \/>\n\t<meta property=\"og:image:width\" content=\"2341\" \/>\n\t<meta property=\"og:image:height\" content=\"1949\" \/>\n\t<meta property=\"og:image:type\" content=\"image\/jpeg\" \/>\n<meta name=\"twitter:card\" content=\"summary_large_image\" \/>\n<meta name=\"twitter:label1\" content=\"Estimated reading time\" \/>\n\t<meta name=\"twitter:data1\" content=\"7 minutes\" \/>\n<script type=\"application\/ld+json\" class=\"yoast-schema-graph\">{\"@context\":\"https:\\\/\\\/schema.org\",\"@graph\":[{\"@type\":\"WebPage\",\"@id\":\"https:\\\/\\\/leisch-kiesl.com\\\/impressum\\\/\",\"url\":\"https:\\\/\\\/leisch-kiesl.com\\\/impressum\\\/\",\"name\":\"Impressum - Monika Leisch-Kiesl\",\"isPartOf\":{\"@id\":\"https:\\\/\\\/leisch-kiesl.com\\\/#website\"},\"primaryImageOfPage\":{\"@id\":\"https:\\\/\\\/leisch-kiesl.com\\\/impressum\\\/#primaryimage\"},\"image\":{\"@id\":\"https:\\\/\\\/leisch-kiesl.com\\\/impressum\\\/#primaryimage\"},\"thumbnailUrl\":\"https:\\\/\\\/leisch-kiesl.com\\\/wp-content\\\/uploads\\\/2021\\\/10\\\/SCHATTEN01.jpeg\",\"datePublished\":\"2022-01-02T15:08:46+00:00\",\"dateModified\":\"2022-03-11T16:12:52+00:00\",\"description\":\"Medieninhaberin: DDr. Monika Leisch-Kiesl. Die Webseite in ihrer Gesamtheit, als auch in ihren Teilen (Bilder, Graphiken, Fotos, Texte, etc.) sind urheberrechtlich gesch\u00fctzt. Die Informationen sind nur f\u00fcr die pers\u00f6nliche, nicht kommerzielle Verwendung bestimmt.\",\"breadcrumb\":{\"@id\":\"https:\\\/\\\/leisch-kiesl.com\\\/impressum\\\/#breadcrumb\"},\"inLanguage\":\"en-GB\",\"potentialAction\":[{\"@type\":\"ReadAction\",\"target\":[\"https:\\\/\\\/leisch-kiesl.com\\\/impressum\\\/\"]}]},{\"@type\":\"ImageObject\",\"inLanguage\":\"en-GB\",\"@id\":\"https:\\\/\\\/leisch-kiesl.com\\\/impressum\\\/#primaryimage\",\"url\":\"https:\\\/\\\/leisch-kiesl.com\\\/wp-content\\\/uploads\\\/2021\\\/10\\\/SCHATTEN01.jpeg\",\"contentUrl\":\"https:\\\/\\\/leisch-kiesl.com\\\/wp-content\\\/uploads\\\/2021\\\/10\\\/SCHATTEN01.jpeg\",\"width\":2341,\"height\":1949},{\"@type\":\"BreadcrumbList\",\"@id\":\"https:\\\/\\\/leisch-kiesl.com\\\/impressum\\\/#breadcrumb\",\"itemListElement\":[{\"@type\":\"ListItem\",\"position\":1,\"name\":\"Startseite\",\"item\":\"https:\\\/\\\/leisch-kiesl.com\\\/\"},{\"@type\":\"ListItem\",\"position\":2,\"name\":\"Impressum\"}]},{\"@type\":\"WebSite\",\"@id\":\"https:\\\/\\\/leisch-kiesl.com\\\/#website\",\"url\":\"https:\\\/\\\/leisch-kiesl.com\\\/\",\"name\":\"Monika Leisch-Kiesl\",\"description\":\"\",\"potentialAction\":[{\"@type\":\"SearchAction\",\"target\":{\"@type\":\"EntryPoint\",\"urlTemplate\":\"https:\\\/\\\/leisch-kiesl.com\\\/?s={search_term_string}\"},\"query-input\":{\"@type\":\"PropertyValueSpecification\",\"valueRequired\":true,\"valueName\":\"search_term_string\"}}],\"inLanguage\":\"en-GB\"}]}<\/script>\n<!-- \/ Yoast SEO plugin. -->","yoast_head_json":{"title":"Imprint - Monika Leisch-Kiesl","description":"Medieninhaberin: DDr. Monika Leisch-Kiesl. Die Webseite in ihrer Gesamtheit, als auch in ihren Teilen (Bilder, Graphiken, Fotos, Texte, etc.) sind urheberrechtlich gesch\u00fctzt. Die Informationen sind nur f\u00fcr die pers\u00f6nliche, nicht kommerzielle Verwendung bestimmt.","robots":{"index":"index","follow":"follow","max-snippet":"max-snippet:-1","max-image-preview":"max-image-preview:large","max-video-preview":"max-video-preview:-1"},"canonical":"https:\/\/leisch-kiesl.com\/en\/imprint\/","og_locale":"en_GB","og_type":"article","og_title":"Impressum - Monika Leisch-Kiesl","og_description":"Medieninhaberin: DDr. Monika Leisch-Kiesl. Die Webseite in ihrer Gesamtheit, als auch in ihren Teilen (Bilder, Graphiken, Fotos, Texte, etc.) sind urheberrechtlich gesch\u00fctzt. Die Informationen sind nur f\u00fcr die pers\u00f6nliche, nicht kommerzielle Verwendung bestimmt.","og_url":"https:\/\/leisch-kiesl.com\/en\/imprint\/","og_site_name":"Monika Leisch-Kiesl","article_modified_time":"2022-03-11T16:12:52+00:00","og_image":[{"width":2341,"height":1949,"url":"https:\/\/leisch-kiesl.com\/wp-content\/uploads\/2021\/10\/SCHATTEN01.jpeg","type":"image\/jpeg"}],"twitter_card":"summary_large_image","twitter_misc":{"Estimated reading time":"7 minutes"},"schema":{"@context":"https:\/\/schema.org","@graph":[{"@type":"WebPage","@id":"https:\/\/leisch-kiesl.com\/impressum\/","url":"https:\/\/leisch-kiesl.com\/impressum\/","name":"Imprint - Monika Leisch-Kiesl","isPartOf":{"@id":"https:\/\/leisch-kiesl.com\/#website"},"primaryImageOfPage":{"@id":"https:\/\/leisch-kiesl.com\/impressum\/#primaryimage"},"image":{"@id":"https:\/\/leisch-kiesl.com\/impressum\/#primaryimage"},"thumbnailUrl":"https:\/\/leisch-kiesl.com\/wp-content\/uploads\/2021\/10\/SCHATTEN01.jpeg","datePublished":"2022-01-02T15:08:46+00:00","dateModified":"2022-03-11T16:12:52+00:00","description":"Medieninhaberin: DDr. Monika Leisch-Kiesl. Die Webseite in ihrer Gesamtheit, als auch in ihren Teilen (Bilder, Graphiken, Fotos, Texte, etc.) sind urheberrechtlich gesch\u00fctzt. Die Informationen sind nur f\u00fcr die pers\u00f6nliche, nicht kommerzielle Verwendung bestimmt.","breadcrumb":{"@id":"https:\/\/leisch-kiesl.com\/impressum\/#breadcrumb"},"inLanguage":"en-GB","potentialAction":[{"@type":"ReadAction","target":["https:\/\/leisch-kiesl.com\/impressum\/"]}]},{"@type":"ImageObject","inLanguage":"en-GB","@id":"https:\/\/leisch-kiesl.com\/impressum\/#primaryimage","url":"https:\/\/leisch-kiesl.com\/wp-content\/uploads\/2021\/10\/SCHATTEN01.jpeg","contentUrl":"https:\/\/leisch-kiesl.com\/wp-content\/uploads\/2021\/10\/SCHATTEN01.jpeg","width":2341,"height":1949},{"@type":"BreadcrumbList","@id":"https:\/\/leisch-kiesl.com\/impressum\/#breadcrumb","itemListElement":[{"@type":"ListItem","position":1,"name":"Startseite","item":"https:\/\/leisch-kiesl.com\/"},{"@type":"ListItem","position":2,"name":"Impressum"}]},{"@type":"WebSite","@id":"https:\/\/leisch-kiesl.com\/#website","url":"https:\/\/leisch-kiesl.com\/","name":"Monika Leisch-Kiesl","description":"","potentialAction":[{"@type":"SearchAction","target":{"@type":"EntryPoint","urlTemplate":"https:\/\/leisch-kiesl.com\/?s={search_term_string}"},"query-input":{"@type":"PropertyValueSpecification","valueRequired":true,"valueName":"search_term_string"}}],"inLanguage":"en-GB"}]}},"_links":{"self":[{"href":"https:\/\/leisch-kiesl.com\/en\/wp-json\/wp\/v2\/pages\/711","targetHints":{"allow":["GET"]}}],"collection":[{"href":"https:\/\/leisch-kiesl.com\/en\/wp-json\/wp\/v2\/pages"}],"about":[{"href":"https:\/\/leisch-kiesl.com\/en\/wp-json\/wp\/v2\/types\/page"}],"author":[{"embeddable":true,"href":"https:\/\/leisch-kiesl.com\/en\/wp-json\/wp\/v2\/users\/1"}],"replies":[{"embeddable":true,"href":"https:\/\/leisch-kiesl.com\/en\/wp-json\/wp\/v2\/comments?post=711"}],"version-history":[{"count":3,"href":"https:\/\/leisch-kiesl.com\/en\/wp-json\/wp\/v2\/pages\/711\/revisions"}],"predecessor-version":[{"id":1195,"href":"https:\/\/leisch-kiesl.com\/en\/wp-json\/wp\/v2\/pages\/711\/revisions\/1195"}],"wp:featuredmedia":[{"embeddable":true,"href":"https:\/\/leisch-kiesl.com\/en\/wp-json\/wp\/v2\/media\/18"}],"wp:attachment":[{"href":"https:\/\/leisch-kiesl.com\/en\/wp-json\/wp\/v2\/media?parent=711"}],"wp:term":[{"taxonomy":"dipi_cpt_category","embeddable":true,"href":"https:\/\/leisch-kiesl.com\/en\/wp-json\/wp\/v2\/dipi_cpt_category?post=711"}],"curies":[{"name":"wp","href":"https:\/\/api.w.org\/{rel}","templated":true}]}}