{"id":74,"date":"2021-10-01T15:31:37","date_gmt":"2021-10-01T15:31:37","guid":{"rendered":"https:\/\/monika.web-work.at\/?page_id=74"},"modified":"2022-03-10T15:32:30","modified_gmt":"2022-03-10T15:32:30","slug":"research-projects","status":"publish","type":"page","link":"https:\/\/leisch-kiesl.com\/en\/forschung\/forschungsprojekte\/","title":{"rendered":"Research Projects"},"content":{"rendered":"<p>[et_pb_section fb_built=&#8220;1&#8243; _builder_version=&#8220;4.11.0&#8243; background_image=&#8220;https:\/\/leisch-kiesl.com\/wp-content\/uploads\/2021\/10\/SCHATTEN01.jpeg&#8220; global_colors_info=&#8220;{}&#8220;][et_pb_row _builder_version=&#8220;4.11.1&#8243; background_size=&#8220;initial&#8220; background_position=&#8220;top_left&#8220; background_repeat=&#8220;repeat&#8220; global_colors_info=&#8220;{}&#8220;][et_pb_column type=&#8220;4_4&#8243; _builder_version=&#8220;4.11.0&#8243; custom_padding=&#8220;|||&#8220; custom_css_main_element=&#8220;margin: auto;&#8220; global_colors_info=&#8220;{}&#8220; custom_padding__hover=&#8220;|||&#8220;][et_pb_text _builder_version=&#8220;4.11.0&#8243; _module_preset=&#8220;default&#8220; header_font=&#8220;Nunito|700|||||||&#8220; custom_padding=&#8220;10px|10px|10px|10px|true|true&#8220; global_colors_info=&#8220;{}&#8220;]<\/p>\n<div class=\"fusion-title title fusion-title-1 fusion-title-text fusion-title-size-one\">\n<h1 class=\"title-heading-left fusion-responsive-typography-calculated\" data-fontsize=\"34\" data-lineheight=\"47.6px\">Zeichensetzung<\/h1>\n<\/div>\n<p>[\/et_pb_text][\/et_pb_column][\/et_pb_row][et_pb_row column_structure=&#8220;1_3,2_3&#8243; make_equal=&#8220;on&#8220; _builder_version=&#8220;4.11.1&#8243; _module_preset=&#8220;default&#8220; background_color=&#8220;#F6F6F6&#8243; custom_margin=&#8220;||25px||false|false&#8220; box_shadow_style=&#8220;preset3&#8243; global_colors_info=&#8220;{}&#8220;][et_pb_column type=&#8220;1_3&#8243; _builder_version=&#8220;4.11.1&#8243; _module_preset=&#8220;default&#8220; global_colors_info=&#8220;{}&#8220;][et_pb_image src=&#8220;https:\/\/leisch-kiesl.com\/wp-content\/uploads\/2021\/10\/Cover-Khedoor_engl.-2021.jpg&#8220; alt=&#8220;Monika Leisch-Kiesl, Evoking a Sign | Perceiving an Image (2021)&#8220; title_text=&#8220;Monika Leisch-Kiesl, Evoking a Sign | Perceiving an Image (2021)&#8220; show_in_lightbox=&#8220;on&#8220; show_bottom_space=&#8220;off&#8220; align=&#8220;center&#8220; _builder_version=&#8220;4.14.7&#8243; _module_preset=&#8220;default&#8220; background_color=&#8220;RGBA(0,0,0,0)&#8220; module_alignment=&#8220;center&#8220; max_height=&#8220;250px&#8220; custom_padding=&#8220;15px|15px|15px|15px|false|false&#8220; global_colors_info=&#8220;{}&#8220;][\/et_pb_image][\/et_pb_column][et_pb_column type=&#8220;2_3&#8243; _builder_version=&#8220;4.11.1&#8243; _module_preset=&#8220;default&#8220; custom_css_main_element=&#8220;margin: auto;&#8220; global_colors_info=&#8220;{}&#8220;][et_pb_text _builder_version=&#8220;4.14.7&#8243; _module_preset=&#8220;default&#8220; background_color=&#8220;RGBA(0,0,0,0)&#8220; custom_padding=&#8220;15px|15px|15px|15px|false|false&#8220; global_colors_info=&#8220;{}&#8220;]<\/p>\n<h4>Publication<\/h4>\n<p><b>Evoking a Sign\u00a0| Perceiving an Image.<br \/><\/b>Toba Khedoori : Drawn Painting, VfmK: Vienna 2021<b><\/b><\/p>\n<p><a href=\"https:\/\/leisch-kiesl.com\/project\/zeichensetzung\/\" target=\"_blank\" rel=\"noopener\" title=\"About, Talks, Reviews, and more\">About, Talks,<span>\u00a0<\/span>Reviews<span>\u00a0<\/span>and more<\/a><\/p>\n<p>[\/et_pb_text][\/et_pb_column][\/et_pb_row][et_pb_row column_structure=&#8220;1_3,2_3&#8243; make_equal=&#8220;on&#8220; _builder_version=&#8220;4.11.1&#8243; _module_preset=&#8220;default&#8220; background_color=&#8220;#F6F6F6&#8243; custom_margin=&#8220;||25px||false|false&#8220; box_shadow_style=&#8220;preset3&#8243; global_colors_info=&#8220;{}&#8220;][et_pb_column type=&#8220;1_3&#8243; _builder_version=&#8220;4.11.1&#8243; _module_preset=&#8220;default&#8220; global_colors_info=&#8220;{}&#8220;][et_pb_image src=&#8220;https:\/\/leisch-kiesl.com\/wp-content\/uploads\/2021\/10\/Zeichnen.-Setzen_vorschau_tinif.-scaled.jpg&#8220; title_text=&#8220;Zeichnen.-Setzen_vorschau_tinif.&#8220; show_in_lightbox=&#8220;on&#8220; show_bottom_space=&#8220;off&#8220; align=&#8220;center&#8220; _builder_version=&#8220;4.14.5&#8243; _module_preset=&#8220;default&#8220; background_color=&#8220;RGBA(0,0,0,0)&#8220; module_alignment=&#8220;center&#8220; max_height=&#8220;250px&#8220; custom_padding=&#8220;15px|15px|15px|15px|false|false&#8220; global_colors_info=&#8220;{}&#8220;][\/et_pb_image][\/et_pb_column][et_pb_column type=&#8220;2_3&#8243; _builder_version=&#8220;4.11.1&#8243; _module_preset=&#8220;default&#8220; custom_css_main_element=&#8220;margin: auto;&#8220; global_colors_info=&#8220;{}&#8220;][et_pb_text _builder_version=&#8220;4.14.8&#8243; _module_preset=&#8220;default&#8220; background_color=&#8220;RGBA(0,0,0,0)&#8220; custom_padding=&#8220;15px|15px|15px|15px|false|false&#8220; hover_enabled=&#8220;0&#8243; global_colors_info=&#8220;{}&#8220; sticky_enabled=&#8220;0&#8243;]<\/p>\n<h4>Publikation<\/h4>\n<p><b>ZEICH(N)EN. SETZEN.<span>\u00a0<\/span><\/b>Bedeutungsgenerierung im M\u00e4andern zwischen Bildern und Begriffen, hg. v. Monika Leisch-Kiesl (Linzer Beitr\u00e4ge zur Kunstwissenschaft und Philosophie 11),<span>\u00a0<\/span><a href=\"https:\/\/www.transcript-verlag.de\/978-3-8376-5128-7\/zeich-n-en.-setzen.\/\" target=\"_blank\" rel=\"noopener noreferrer\">transcript<\/a>: Bielefeld 2020<\/p>\n<p><a href=\"https:\/\/leisch-kiesl.com\/project\/zeichnen-setzen\/\" target=\"_blank\" rel=\"noopener\">Kommentare, Rezensionen, Talks<\/a><\/p>\n<p>[\/et_pb_text][\/et_pb_column][\/et_pb_row][et_pb_row column_structure=&#8220;1_3,2_3&#8243; make_equal=&#8220;on&#8220; _builder_version=&#8220;4.11.1&#8243; _module_preset=&#8220;default&#8220; background_color=&#8220;#F6F6F6&#8243; custom_margin=&#8220;||25px||false|false&#8220; box_shadow_style=&#8220;preset3&#8243; global_colors_info=&#8220;{}&#8220;][et_pb_column type=&#8220;1_3&#8243; _builder_version=&#8220;4.11.1&#8243; _module_preset=&#8220;default&#8220; global_colors_info=&#8220;{}&#8220;][et_pb_image src=&#8220;https:\/\/leisch-kiesl.com\/wp-content\/uploads\/2021\/10\/ZeichenSetzung-I-BildWahrnehmung-e1512739028753-scaled.jpeg&#8220; title_text=&#8220;ZeichenSetzung-I-BildWahrnehmung&#8220; show_in_lightbox=&#8220;on&#8220; show_bottom_space=&#8220;off&#8220; align=&#8220;center&#8220; _builder_version=&#8220;4.14.5&#8243; _module_preset=&#8220;default&#8220; background_color=&#8220;RGBA(0,0,0,0)&#8220; max_height=&#8220;250px&#8220; custom_padding=&#8220;15px|15px|15px|15px|false|false&#8220; global_colors_info=&#8220;{}&#8220;][\/et_pb_image][\/et_pb_column][et_pb_column type=&#8220;2_3&#8243; _builder_version=&#8220;4.11.1&#8243; _module_preset=&#8220;default&#8220; custom_css_main_element=&#8220;margin: auto;&#8220; global_colors_info=&#8220;{}&#8220;][et_pb_text _builder_version=&#8220;4.14.8&#8243; _module_preset=&#8220;default&#8220; background_color=&#8220;RGBA(0,0,0,0)&#8220; custom_padding=&#8220;15px|15px|15px|15px|false|false&#8220; hover_enabled=&#8220;0&#8243; global_colors_info=&#8220;{}&#8220; sticky_enabled=&#8220;0&#8243;]<\/p>\n<h4 data-fontsize=\"24\" data-lineheight=\"36px\" class=\"fusion-responsive-typography-calculated\">Appetizer<\/h4>\n<p><strong>Evoking a Sign\u00a0<span lang=\"DE\">|<\/span>\u00a0Perceiving an Image<\/strong><span lang=\"DE\">.<br \/>Toba Khedoori: Drawn Painting, (c) Monika Leisch-Kiesl, 2018<\/span><\/p>\n<p><a href=\"https:\/\/leisch-kiesl.com\/wp-content\/uploads\/2022\/01\/Leisch-Kiesl-Monika_Evoking-a-Sign_appetizer.pdf\" target=\"_blank\" rel=\"noopener\">Appetizer online<\/a><\/p>\n<p>[\/et_pb_text][\/et_pb_column][\/et_pb_row][et_pb_row column_structure=&#8220;1_3,2_3&#8243; make_equal=&#8220;on&#8220; _builder_version=&#8220;4.11.1&#8243; _module_preset=&#8220;default&#8220; background_color=&#8220;#F6F6F6&#8243; custom_margin=&#8220;||25px||false|false&#8220; box_shadow_style=&#8220;preset3&#8243; global_colors_info=&#8220;{}&#8220;][et_pb_column type=&#8220;1_3&#8243; _builder_version=&#8220;4.11.1&#8243; _module_preset=&#8220;default&#8220; global_colors_info=&#8220;{}&#8220;][et_pb_image src=&#8220;https:\/\/leisch-kiesl.com\/wp-content\/uploads\/2021\/10\/2017_Zeichen-setzen_Gesamt-scaled.jpg&#8220; title_text=&#8220;2017_Zeichen-setzen_Gesamt&#8220; show_in_lightbox=&#8220;on&#8220; show_bottom_space=&#8220;off&#8220; _builder_version=&#8220;4.14.5&#8243; _module_preset=&#8220;default&#8220; background_color=&#8220;RGBA(0,0,0,0)&#8220; max_height=&#8220;250px&#8220; custom_padding=&#8220;15px|15px|15px|15px|false|false&#8220; global_colors_info=&#8220;{}&#8220;][\/et_pb_image][\/et_pb_column][et_pb_column type=&#8220;2_3&#8243; _builder_version=&#8220;4.11.1&#8243; _module_preset=&#8220;default&#8220; custom_css_main_element=&#8220;margin: auto;&#8220; global_colors_info=&#8220;{}&#8220;][et_pb_text _builder_version=&#8220;4.11.1&#8243; _module_preset=&#8220;default&#8220; background_color=&#8220;RGBA(0,0,0,0)&#8220; custom_padding=&#8220;15px|15px|15px|15px|false|false&#8220; global_colors_info=&#8220;{}&#8220;]<\/p>\n<h4 data-fontsize=\"24\" data-lineheight=\"36px\" class=\"fusion-responsive-typography-calculated\">Fachtagung<\/h4>\n<p><strong>Zeichen Setzen<\/strong>, veranstaltet von der Fakult\u00e4t f\u00fcr Philosophie und f\u00fcr Kunstwissenschaft (KU Linz), der Abteilung Kulturwissenschaft (Kunstuniversit\u00e4t Linz) und dem IDA \u2013 Institute of Dance Arts (ABPU Linz), 8. bis 10. Juni 2017<\/p>\n<p><a href=\"https:\/\/leisch-kiesl.com\/galerie\/\">zur Galerie<\/a><\/p>\n<p>[\/et_pb_text][\/et_pb_column][\/et_pb_row][et_pb_row column_structure=&#8220;1_3,2_3&#8243; make_equal=&#8220;on&#8220; _builder_version=&#8220;4.11.1&#8243; _module_preset=&#8220;default&#8220; background_color=&#8220;#F6F6F6&#8243; custom_margin=&#8220;||25px||false|false&#8220; box_shadow_style=&#8220;preset3&#8243; global_colors_info=&#8220;{}&#8220;][et_pb_column type=&#8220;1_3&#8243; _builder_version=&#8220;4.11.1&#8243; _module_preset=&#8220;default&#8220; global_colors_info=&#8220;{}&#8220;][et_pb_image src=&#8220;https:\/\/leisch-kiesl.com\/wp-content\/uploads\/2021\/10\/ZeichenSetzung-I-BildWahrnehmung-e1512739028753-scaled.jpeg&#8220; title_text=&#8220;ZeichenSetzung-I-BildWahrnehmung&#8220; show_in_lightbox=&#8220;on&#8220; show_bottom_space=&#8220;off&#8220; align=&#8220;center&#8220; _builder_version=&#8220;4.14.5&#8243; _module_preset=&#8220;default&#8220; background_color=&#8220;RGBA(0,0,0,0)&#8220; max_height=&#8220;250px&#8220; custom_padding=&#8220;15px|15px|15px|15px|false|false&#8220; global_colors_info=&#8220;{}&#8220;][\/et_pb_image][\/et_pb_column][et_pb_column type=&#8220;2_3&#8243; _builder_version=&#8220;4.11.1&#8243; _module_preset=&#8220;default&#8220; custom_css_main_element=&#8220;margin: auto;&#8220; global_colors_info=&#8220;{}&#8220;][et_pb_text _builder_version=&#8220;4.14.8&#8243; _module_preset=&#8220;default&#8220; background_color=&#8220;RGBA(0,0,0,0)&#8220; custom_padding=&#8220;15px|15px|15px|15px|false|false&#8220; hover_enabled=&#8220;0&#8243; global_colors_info=&#8220;{}&#8220; sticky_enabled=&#8220;0&#8243;]<\/p>\n<h4 data-fontsize=\"24\" data-lineheight=\"36px\" class=\"fusion-responsive-typography-calculated\">Publikation<\/h4>\n<p><strong>Zeichensetzung\u00a0<span lang=\"DE\">|<\/span><span>\u00a0<\/span><\/strong><span lang=\"DE\"><strong>Bildwahrnehmung<\/strong>.<br \/>Toba Khedoori: Gezeichnete Malerei, VfmK: Wien 2016<\/span><span lang=\"DE\"><span>\u00a0<\/span><\/span><\/p>\n<p><a href=\"https:\/\/leisch-kiesl.com\/project\/zeichensetzung\/\" target=\"_blank\" rel=\"noopener\">Kommentare, Rezensionen, Talks<\/a><\/p>\n<p>[\/et_pb_text][\/et_pb_column][\/et_pb_row][et_pb_row column_structure=&#8220;1_3,2_3&#8243; make_equal=&#8220;on&#8220; _builder_version=&#8220;4.11.1&#8243; _module_preset=&#8220;default&#8220; background_color=&#8220;#F6F6F6&#8243; custom_margin=&#8220;||25px||false|false&#8220; box_shadow_style=&#8220;preset3&#8243; global_colors_info=&#8220;{}&#8220;][et_pb_column type=&#8220;1_3&#8243; _builder_version=&#8220;4.11.1&#8243; _module_preset=&#8220;default&#8220; global_colors_info=&#8220;{}&#8220;][\/et_pb_column][et_pb_column type=&#8220;2_3&#8243; _builder_version=&#8220;4.11.1&#8243; _module_preset=&#8220;default&#8220; custom_css_main_element=&#8220;margin: auto;&#8220; global_colors_info=&#8220;{}&#8220;][et_pb_text _builder_version=&#8220;4.14.8&#8243; _module_preset=&#8220;default&#8220; background_color=&#8220;RGBA(0,0,0,0)&#8220; custom_padding=&#8220;15px|15px|15px|15px|false|false&#8220; hover_enabled=&#8220;0&#8243; global_colors_info=&#8220;{}&#8220; sticky_enabled=&#8220;0&#8243;]<\/p>\n<h4 data-fontsize=\"24\" data-lineheight=\"36px\" class=\"fusion-responsive-typography-calculated\">Zeichensetzung_KU Linz<\/h4>\n<p>Der transdisziplin\u00e4r angelegte Forschungsschwerpunkt Zeichensetzung ist im Zwischenraum von k\u00fcnstlerischer Praxis und theoretischer Reflexion situiert. Untersucht werden Aspekte der Bedeutungsproduktion im unabl\u00e4ssigen Fluss der Zeichen, kleinen Momenten \u2039in-between\u203a.Er zielt auf eine theoretische Fundierung des Zeichenbegriffs ebenso wie auf die Frage der Rolle von Zeichen in religi\u00f6sen Zusammenh\u00e4ngen sowie im \u00f6ffentlichen Raum.<\/p>\n<p><a href=\"https:\/\/ku-linz.at\/kunstwissenschaft\/institute\/institut_fuer_geschichte_und_theorie_der_kunst\/zeichensetzung\" target=\"_blank\" rel=\"noopener noreferrer\">zur hp der Fakult\u00e4t<\/a><\/p>\n<p>[\/et_pb_text][\/et_pb_column][\/et_pb_row][\/et_pb_section]<\/p>\n","protected":false},"excerpt":{"rendered":"<p>Zeichensetzung Publication Evoking a Sign\u00a0| Perceiving an Image.Toba Khedoori : Drawn Painting, VfmK: Vienna 2021 About, Talks,\u00a0Reviews\u00a0and morePublikation ZEICH(N)EN. SETZEN.\u00a0Bedeutungsgenerierung im M\u00e4andern zwischen Bildern und Begriffen, hg. v. Monika Leisch-Kiesl (Linzer Beitr\u00e4ge zur Kunstwissenschaft und Philosophie 11),\u00a0transcript: Bielefeld 2020 Kommentare, Rezensionen, TalksAppetizer Evoking a Sign\u00a0|\u00a0Perceiving an Image.Toba Khedoori: Drawn Painting, (c) Monika Leisch-Kiesl, 2018 Appetizer [&hellip;]<\/p>\n","protected":false},"author":1,"featured_media":54,"parent":612,"menu_order":11,"comment_status":"closed","ping_status":"closed","template":"","meta":{"_et_pb_use_builder":"on","_et_pb_old_content":"","_et_gb_content_width":"","footnotes":""},"dipi_cpt_category":[],"class_list":["post-74","page","type-page","status-publish","has-post-thumbnail","hentry"],"yoast_head":"<!-- This site is optimized with the Yoast SEO plugin v27.4 - https:\/\/yoast.com\/product\/yoast-seo-wordpress\/ -->\n<title>Forschungsprojekte - Monika Leisch-Kiesl<\/title>\n<meta name=\"description\" content=\"ZEICH(N)EN. SETZEN. Evoking a Sign, Perceiving an Image, Zeichen Setzen, Zeichensetzung | Bildwahrnehmung, Zeichensetzung_KU Linz\" \/>\n<meta name=\"robots\" content=\"index, follow, max-snippet:-1, max-image-preview:large, max-video-preview:-1\" \/>\n<link rel=\"canonical\" href=\"https:\/\/leisch-kiesl.com\/en\/research\/research-projects\/\" \/>\n<meta property=\"og:locale\" content=\"en_GB\" \/>\n<meta property=\"og:type\" content=\"article\" \/>\n<meta property=\"og:title\" content=\"Forschungsprojekte - Monika Leisch-Kiesl\" \/>\n<meta property=\"og:description\" content=\"ZEICH(N)EN. SETZEN. Evoking a Sign, Perceiving an Image, Zeichen Setzen, Zeichensetzung | Bildwahrnehmung, Zeichensetzung_KU Linz\" \/>\n<meta property=\"og:url\" content=\"https:\/\/leisch-kiesl.com\/en\/research\/research-projects\/\" \/>\n<meta property=\"og:site_name\" content=\"Monika Leisch-Kiesl\" \/>\n<meta property=\"article:modified_time\" content=\"2022-03-10T15:32:30+00:00\" \/>\n<meta property=\"og:image\" content=\"https:\/\/leisch-kiesl.com\/wp-content\/uploads\/2021\/10\/Zeichnen.-Setzen_vorschau_tinif-scaled.jpg\" \/>\n\t<meta property=\"og:image:width\" content=\"1813\" \/>\n\t<meta property=\"og:image:height\" content=\"2560\" \/>\n\t<meta property=\"og:image:type\" content=\"image\/jpeg\" \/>\n<meta name=\"twitter:card\" content=\"summary_large_image\" \/>\n<meta name=\"twitter:label1\" content=\"Estimated reading time\" \/>\n\t<meta name=\"twitter:data1\" content=\"6 minutes\" \/>\n<script type=\"application\/ld+json\" class=\"yoast-schema-graph\">{\"@context\":\"https:\\\/\\\/schema.org\",\"@graph\":[{\"@type\":\"WebPage\",\"@id\":\"https:\\\/\\\/leisch-kiesl.com\\\/forschung\\\/forschungsprojekte\\\/\",\"url\":\"https:\\\/\\\/leisch-kiesl.com\\\/forschung\\\/forschungsprojekte\\\/\",\"name\":\"Forschungsprojekte - Monika Leisch-Kiesl\",\"isPartOf\":{\"@id\":\"https:\\\/\\\/leisch-kiesl.com\\\/#website\"},\"primaryImageOfPage\":{\"@id\":\"https:\\\/\\\/leisch-kiesl.com\\\/forschung\\\/forschungsprojekte\\\/#primaryimage\"},\"image\":{\"@id\":\"https:\\\/\\\/leisch-kiesl.com\\\/forschung\\\/forschungsprojekte\\\/#primaryimage\"},\"thumbnailUrl\":\"https:\\\/\\\/leisch-kiesl.com\\\/wp-content\\\/uploads\\\/2021\\\/10\\\/Zeichnen.-Setzen_vorschau_tinif-scaled.jpg\",\"datePublished\":\"2021-10-01T15:31:37+00:00\",\"dateModified\":\"2022-03-10T15:32:30+00:00\",\"description\":\"ZEICH(N)EN. SETZEN. Evoking a Sign, Perceiving an Image, Zeichen Setzen, Zeichensetzung | Bildwahrnehmung, Zeichensetzung_KU Linz\",\"breadcrumb\":{\"@id\":\"https:\\\/\\\/leisch-kiesl.com\\\/forschung\\\/forschungsprojekte\\\/#breadcrumb\"},\"inLanguage\":\"en-GB\",\"potentialAction\":[{\"@type\":\"ReadAction\",\"target\":[\"https:\\\/\\\/leisch-kiesl.com\\\/forschung\\\/forschungsprojekte\\\/\"]}]},{\"@type\":\"ImageObject\",\"inLanguage\":\"en-GB\",\"@id\":\"https:\\\/\\\/leisch-kiesl.com\\\/forschung\\\/forschungsprojekte\\\/#primaryimage\",\"url\":\"https:\\\/\\\/leisch-kiesl.com\\\/wp-content\\\/uploads\\\/2021\\\/10\\\/Zeichnen.-Setzen_vorschau_tinif-scaled.jpg\",\"contentUrl\":\"https:\\\/\\\/leisch-kiesl.com\\\/wp-content\\\/uploads\\\/2021\\\/10\\\/Zeichnen.-Setzen_vorschau_tinif-scaled.jpg\",\"width\":1813,\"height\":2560,\"caption\":\"Buchcover\"},{\"@type\":\"BreadcrumbList\",\"@id\":\"https:\\\/\\\/leisch-kiesl.com\\\/forschung\\\/forschungsprojekte\\\/#breadcrumb\",\"itemListElement\":[{\"@type\":\"ListItem\",\"position\":1,\"name\":\"Startseite\",\"item\":\"https:\\\/\\\/leisch-kiesl.com\\\/\"},{\"@type\":\"ListItem\",\"position\":2,\"name\":\"Forschung\",\"item\":\"https:\\\/\\\/leisch-kiesl.com\\\/forschung\\\/\"},{\"@type\":\"ListItem\",\"position\":3,\"name\":\"Forschungsprojekte\"}]},{\"@type\":\"WebSite\",\"@id\":\"https:\\\/\\\/leisch-kiesl.com\\\/#website\",\"url\":\"https:\\\/\\\/leisch-kiesl.com\\\/\",\"name\":\"Monika Leisch-Kiesl\",\"description\":\"\",\"potentialAction\":[{\"@type\":\"SearchAction\",\"target\":{\"@type\":\"EntryPoint\",\"urlTemplate\":\"https:\\\/\\\/leisch-kiesl.com\\\/?s={search_term_string}\"},\"query-input\":{\"@type\":\"PropertyValueSpecification\",\"valueRequired\":true,\"valueName\":\"search_term_string\"}}],\"inLanguage\":\"en-GB\"}]}<\/script>\n<!-- \/ Yoast SEO plugin. -->","yoast_head_json":{"title":"Research Projects - Monika Leisch-Kiesl","description":"ZEICH(N)EN. SETZEN. Evoking a Sign, Perceiving an Image, Zeichen Setzen, Zeichensetzung | Bildwahrnehmung, Zeichensetzung_KU Linz","robots":{"index":"index","follow":"follow","max-snippet":"max-snippet:-1","max-image-preview":"max-image-preview:large","max-video-preview":"max-video-preview:-1"},"canonical":"https:\/\/leisch-kiesl.com\/en\/research\/research-projects\/","og_locale":"en_GB","og_type":"article","og_title":"Forschungsprojekte - Monika Leisch-Kiesl","og_description":"ZEICH(N)EN. SETZEN. Evoking a Sign, Perceiving an Image, Zeichen Setzen, Zeichensetzung | Bildwahrnehmung, Zeichensetzung_KU Linz","og_url":"https:\/\/leisch-kiesl.com\/en\/research\/research-projects\/","og_site_name":"Monika Leisch-Kiesl","article_modified_time":"2022-03-10T15:32:30+00:00","og_image":[{"width":1813,"height":2560,"url":"https:\/\/leisch-kiesl.com\/wp-content\/uploads\/2021\/10\/Zeichnen.-Setzen_vorschau_tinif-scaled.jpg","type":"image\/jpeg"}],"twitter_card":"summary_large_image","twitter_misc":{"Estimated reading time":"6 minutes"},"schema":{"@context":"https:\/\/schema.org","@graph":[{"@type":"WebPage","@id":"https:\/\/leisch-kiesl.com\/forschung\/forschungsprojekte\/","url":"https:\/\/leisch-kiesl.com\/forschung\/forschungsprojekte\/","name":"Research Projects - Monika Leisch-Kiesl","isPartOf":{"@id":"https:\/\/leisch-kiesl.com\/#website"},"primaryImageOfPage":{"@id":"https:\/\/leisch-kiesl.com\/forschung\/forschungsprojekte\/#primaryimage"},"image":{"@id":"https:\/\/leisch-kiesl.com\/forschung\/forschungsprojekte\/#primaryimage"},"thumbnailUrl":"https:\/\/leisch-kiesl.com\/wp-content\/uploads\/2021\/10\/Zeichnen.-Setzen_vorschau_tinif-scaled.jpg","datePublished":"2021-10-01T15:31:37+00:00","dateModified":"2022-03-10T15:32:30+00:00","description":"ZEICH(N)EN. SETZEN. Evoking a Sign, Perceiving an Image, Zeichen Setzen, Zeichensetzung | Bildwahrnehmung, Zeichensetzung_KU Linz","breadcrumb":{"@id":"https:\/\/leisch-kiesl.com\/forschung\/forschungsprojekte\/#breadcrumb"},"inLanguage":"en-GB","potentialAction":[{"@type":"ReadAction","target":["https:\/\/leisch-kiesl.com\/forschung\/forschungsprojekte\/"]}]},{"@type":"ImageObject","inLanguage":"en-GB","@id":"https:\/\/leisch-kiesl.com\/forschung\/forschungsprojekte\/#primaryimage","url":"https:\/\/leisch-kiesl.com\/wp-content\/uploads\/2021\/10\/Zeichnen.-Setzen_vorschau_tinif-scaled.jpg","contentUrl":"https:\/\/leisch-kiesl.com\/wp-content\/uploads\/2021\/10\/Zeichnen.-Setzen_vorschau_tinif-scaled.jpg","width":1813,"height":2560,"caption":"Buchcover"},{"@type":"BreadcrumbList","@id":"https:\/\/leisch-kiesl.com\/forschung\/forschungsprojekte\/#breadcrumb","itemListElement":[{"@type":"ListItem","position":1,"name":"Startseite","item":"https:\/\/leisch-kiesl.com\/"},{"@type":"ListItem","position":2,"name":"Forschung","item":"https:\/\/leisch-kiesl.com\/forschung\/"},{"@type":"ListItem","position":3,"name":"Forschungsprojekte"}]},{"@type":"WebSite","@id":"https:\/\/leisch-kiesl.com\/#website","url":"https:\/\/leisch-kiesl.com\/","name":"Monika Leisch-Kiesl","description":"","potentialAction":[{"@type":"SearchAction","target":{"@type":"EntryPoint","urlTemplate":"https:\/\/leisch-kiesl.com\/?s={search_term_string}"},"query-input":{"@type":"PropertyValueSpecification","valueRequired":true,"valueName":"search_term_string"}}],"inLanguage":"en-GB"}]}},"_links":{"self":[{"href":"https:\/\/leisch-kiesl.com\/en\/wp-json\/wp\/v2\/pages\/74","targetHints":{"allow":["GET"]}}],"collection":[{"href":"https:\/\/leisch-kiesl.com\/en\/wp-json\/wp\/v2\/pages"}],"about":[{"href":"https:\/\/leisch-kiesl.com\/en\/wp-json\/wp\/v2\/types\/page"}],"author":[{"embeddable":true,"href":"https:\/\/leisch-kiesl.com\/en\/wp-json\/wp\/v2\/users\/1"}],"replies":[{"embeddable":true,"href":"https:\/\/leisch-kiesl.com\/en\/wp-json\/wp\/v2\/comments?post=74"}],"version-history":[{"count":8,"href":"https:\/\/leisch-kiesl.com\/en\/wp-json\/wp\/v2\/pages\/74\/revisions"}],"predecessor-version":[{"id":1170,"href":"https:\/\/leisch-kiesl.com\/en\/wp-json\/wp\/v2\/pages\/74\/revisions\/1170"}],"up":[{"embeddable":true,"href":"https:\/\/leisch-kiesl.com\/en\/wp-json\/wp\/v2\/pages\/612"}],"wp:featuredmedia":[{"embeddable":true,"href":"https:\/\/leisch-kiesl.com\/en\/wp-json\/wp\/v2\/media\/54"}],"wp:attachment":[{"href":"https:\/\/leisch-kiesl.com\/en\/wp-json\/wp\/v2\/media?parent=74"}],"wp:term":[{"taxonomy":"dipi_cpt_category","embeddable":true,"href":"https:\/\/leisch-kiesl.com\/en\/wp-json\/wp\/v2\/dipi_cpt_category?post=74"}],"curies":[{"name":"wp","href":"https:\/\/api.w.org\/{rel}","templated":true}]}}